{"id":6793,"date":"2021-01-05T17:25:19","date_gmt":"2021-01-05T22:25:19","guid":{"rendered":"https:\/\/lidji.mach1design.com\/accesibilidad-cumplimiento-de-ada\/"},"modified":"2021-09-01T11:18:01","modified_gmt":"2021-09-01T16:18:01","slug":"accesibilidad-cumplimiento-de-ada","status":"publish","type":"page","link":"https:\/\/thelidjifirm.com\/es\/accesibilidad-cumplimiento-de-ada\/","title":{"rendered":"Accesibilidad &#8211; Cumplimiento de ADA"},"content":{"rendered":"\t\t<div data-elementor-type=\"wp-page\" data-elementor-id=\"6793\" class=\"elementor elementor-6793 elementor-6756\" data-elementor-post-type=\"page\">\n\t\t\t\t\t\t<section class=\"elementor-section elementor-top-section elementor-element elementor-element-0320217 elementor-reverse-tablet elementor-reverse-mobile elementor-section-stretched elementor-section-height-min-height elementor-section-boxed elementor-section-height-default elementor-section-items-middle\" data-id=\"0320217\" data-element_type=\"section\" data-settings=\"{&quot;background_background&quot;:&quot;classic&quot;,&quot;stretch_section&quot;:&quot;section-stretched&quot;}\">\n\t\t\t\t\t\t\t<div class=\"elementor-background-overlay\"><\/div>\n\t\t\t\t\t\t\t<div class=\"elementor-container elementor-column-gap-default\">\n\t\t\t\t\t<div class=\"elementor-column elementor-col-33 elementor-top-column elementor-element elementor-element-89bc005\" data-id=\"89bc005\" data-element_type=\"column\">\n\t\t\t<div class=\"elementor-widget-wrap\">\n\t\t\t\t\t\t\t<\/div>\n\t\t<\/div>\n\t\t\t\t<div class=\"elementor-column elementor-col-33 elementor-top-column elementor-element elementor-element-719f5e7\" data-id=\"719f5e7\" data-element_type=\"column\" id=\"fce-text\" data-settings=\"{&quot;background_background&quot;:&quot;classic&quot;}\">\n\t\t\t<div class=\"elementor-widget-wrap elementor-element-populated\">\n\t\t\t\t\t\t<div class=\"elementor-element elementor-element-d4d47d4 elementor-align-left elementor-widget elementor-widget-raven-heading\" data-id=\"d4d47d4\" data-element_type=\"widget\" data-widget_type=\"raven-heading.default\">\n\t\t\t\t<div class=\"elementor-widget-container\">\n\t\t\t\t\t\t\t<div class=\"raven-widget-wrapper\"><h1 class=\"raven-heading raven-heading-h1\"><span class=\"raven-heading-title \">Accesibilidad - Cumplimiento de ADA\n<\/span><\/h1><\/div>\n\t\t\t\t\t\t<\/div>\n\t\t\t\t<\/div>\n\t\t\t\t\t<\/div>\n\t\t<\/div>\n\t\t\t\t<div class=\"elementor-column elementor-col-33 elementor-top-column elementor-element elementor-element-989e943\" data-id=\"989e943\" data-element_type=\"column\">\n\t\t\t<div class=\"elementor-widget-wrap elementor-element-populated\">\n\t\t\t\t\t\t<div class=\"elementor-element elementor-element-08204ca elementor-hidden-desktop elementor-widget elementor-widget-image\" data-id=\"08204ca\" data-element_type=\"widget\" data-widget_type=\"image.default\">\n\t\t\t\t<div class=\"elementor-widget-container\">\n\t\t\t\t\t\t\t\t\t\t\t\t\t\t\t<img fetchpriority=\"high\" decoding=\"async\" width=\"800\" height=\"439\" src=\"https:\/\/thelidjifirm.com\/wp-content\/uploads\/bg7-mobile-home-the-lidji-firm-pernoal-injury-attorney.png\" class=\"attachment-full size-full wp-image-4789\" alt=\"Carlos &amp; Lidji | Abogado | The Lidji Firm | Abogados de lesiones personales | Dallas Houston Texas\" srcset=\"https:\/\/thelidjifirm.com\/wp-content\/uploads\/bg7-mobile-home-the-lidji-firm-pernoal-injury-attorney.png 800w, https:\/\/thelidjifirm.com\/wp-content\/uploads\/bg7-mobile-home-the-lidji-firm-pernoal-injury-attorney-500x274.png 500w, https:\/\/thelidjifirm.com\/wp-content\/uploads\/bg7-mobile-home-the-lidji-firm-pernoal-injury-attorney-150x82.png 150w\" sizes=\"(max-width: 800px) 100vw, 800px\" title=\"\">\t\t\t\t\t\t\t\t\t\t\t\t\t\t\t<\/div>\n\t\t\t\t<\/div>\n\t\t\t\t\t<\/div>\n\t\t<\/div>\n\t\t\t\t\t<\/div>\n\t\t<\/section>\n\t\t\t\t<section class=\"elementor-section elementor-top-section elementor-element elementor-element-09cd640 elementor-section-stretched elementor-section-boxed elementor-section-height-default elementor-section-height-default\" data-id=\"09cd640\" data-element_type=\"section\" data-settings=\"{&quot;background_background&quot;:&quot;classic&quot;,&quot;stretch_section&quot;:&quot;section-stretched&quot;}\">\n\t\t\t\t\t\t<div class=\"elementor-container elementor-column-gap-default\">\n\t\t\t\t\t<div class=\"elementor-column elementor-col-16 elementor-top-column elementor-element elementor-element-e42dbdd\" data-id=\"e42dbdd\" data-element_type=\"column\">\n\t\t\t<div class=\"elementor-widget-wrap\">\n\t\t\t\t\t\t\t<\/div>\n\t\t<\/div>\n\t\t\t\t<div class=\"elementor-column elementor-col-16 elementor-top-column elementor-element elementor-element-52456d7\" data-id=\"52456d7\" data-element_type=\"column\">\n\t\t\t<div class=\"elementor-widget-wrap elementor-element-populated\">\n\t\t\t\t\t\t<div class=\"elementor-element elementor-element-2de2901 elementor-widget elementor-widget-text-editor\" data-id=\"2de2901\" data-element_type=\"widget\" data-widget_type=\"text-editor.default\">\n\t\t\t\t<div class=\"elementor-widget-container\">\n\t\t\t\t\t\t\t\t\t<p>La Lidji Firma se esfuerza por hacer que su sitio web sea accesible para todos los usuarios, incluidas las personas con discapacidades. Este sitio web cumple con las mejores pr\u00e1cticas y est\u00e1ndares seg\u00fan lo definido por la Secci\u00f3n 508 de la Ley de Rehabilitaci\u00f3n de los Estados Unidos y las Directrices de Accesibilidad al Contenido Web (WCAG 2.0) de la Iniciativa de Accesibilidad Web del Consorcio Mundial de la Web (W3C WAI).<\/p>\n<p>Las caracter\u00edsticas de accesibilidad incluidas en el sitio son:<\/p>\n<ul>\n<li>Los enlaces de omisi\u00f3n, los puntos de referencia de ARIA y los encabezados se definen para facilitar la navegaci\u00f3n en la p\u00e1gina.<\/li>\n<li>Detalles de texto alternativos para im\u00e1genes adecuadas y otros elementos que no son de texto.<\/li>\n<li>El marcado estructural se utiliza adecuadamente para indicar encabezados, p\u00e1rrafos y listas para ayudar en la comprensi\u00f3n de p\u00e1ginas y la navegaci\u00f3n.<\/li>\n<li>Las etiquetas de formulario se asocian mediante programaci\u00f3n a los campos de formulario.<\/li>\n<li>Las celdas de datos est\u00e1n asociadas en una tabla de datos con sus encabezados.<\/li>\n<li>JavaScript y hojas de estilo para mejorar la apariencia y funcionalidad del sitio. Si estas tecnolog\u00edas no est\u00e1n disponibles, se proporciona contenido alternativo cuando sea necesario para garantizar una degradaci\u00f3n elegante.<\/li>\n<li>Se han hecho accesibles documentos integrados y multimedia.<\/li>\n<li>Se han utilizado t\u00e9cnicas de dise\u00f1o responsivo para optimizar la experiencia de los usuarios que acceden al sitio con diferentes resoluciones de pantalla y niveles de ampliaci\u00f3n.<\/li>\n<\/ul>\n<p>Valoramos sus opiniones. Si tiene comentarios, sugerencias de mejora o preguntas, puede envi\u00e1rnoslas directamente a trav\u00e9s de nuestro <a href=\"https:\/\/thelidjifirm.com\/es\/contacto\/\">formulario de contacto.<\/a><\/p>\n<p>\u00faltima actualizaci\u00f3n: 5 de enero de 2021<\/p>\n\t\t\t\t\t\t\t\t<\/div>\n\t\t\t\t<\/div>\n\t\t\t\t\t<\/div>\n\t\t<\/div>\n\t\t\t\t<div class=\"elementor-column elementor-col-66 elementor-top-column elementor-element elementor-element-33eb9ee\" data-id=\"33eb9ee\" data-element_type=\"column\">\n\t\t\t<div class=\"elementor-widget-wrap\">\n\t\t\t\t\t\t\t<\/div>\n\t\t<\/div>\n\t\t\t\t\t<\/div>\n\t\t<\/section>\n\t\t\t\t<\/div>\n\t\t","protected":false},"excerpt":{"rendered":"<p>Accesibilidad &#8211; Cumplimiento de ADA La Lidji Firma se esfuerza por hacer que su sitio web sea accesible para todos los usuarios, incluidas las personas con discapacidades. Este sitio web cumple con las mejores pr\u00e1cticas y est\u00e1ndares seg\u00fan lo definido por la Secci\u00f3n 508 de la Ley de Rehabilitaci\u00f3n de los Estados Unidos y las [&hellip;]<\/p>\n","protected":false},"author":8,"featured_media":0,"parent":0,"menu_order":150,"comment_status":"closed","ping_status":"closed","template":"elementor_header_footer","meta":{"_acf_changed":false,"footnotes":""},"class_list":["post-6793","page","type-page","status-publish","hentry"],"acf":[],"_links":{"self":[{"href":"https:\/\/thelidjifirm.com\/es\/wp-json\/wp\/v2\/pages\/6793","targetHints":{"allow":["GET"]}}],"collection":[{"href":"https:\/\/thelidjifirm.com\/es\/wp-json\/wp\/v2\/pages"}],"about":[{"href":"https:\/\/thelidjifirm.com\/es\/wp-json\/wp\/v2\/types\/page"}],"author":[{"embeddable":true,"href":"https:\/\/thelidjifirm.com\/es\/wp-json\/wp\/v2\/users\/8"}],"replies":[{"embeddable":true,"href":"https:\/\/thelidjifirm.com\/es\/wp-json\/wp\/v2\/comments?post=6793"}],"version-history":[{"count":0,"href":"https:\/\/thelidjifirm.com\/es\/wp-json\/wp\/v2\/pages\/6793\/revisions"}],"wp:attachment":[{"href":"https:\/\/thelidjifirm.com\/es\/wp-json\/wp\/v2\/media?parent=6793"}],"curies":[{"name":"wp","href":"https:\/\/api.w.org\/{rel}","templated":true}]}}