{"id":5609,"date":"2020-10-23T14:41:31","date_gmt":"2020-10-23T19:41:31","guid":{"rendered":"https:\/\/lidji.mach1design.com\/?page_id=5609"},"modified":"2021-09-01T11:18:03","modified_gmt":"2021-09-01T16:18:03","slug":"terminos-y-condiciones","status":"publish","type":"page","link":"https:\/\/thelidjifirm.com\/es\/terminos-y-condiciones\/","title":{"rendered":"T\u00e9rminos y condiciones"},"content":{"rendered":"\t\t<div data-elementor-type=\"wp-page\" data-elementor-id=\"5609\" class=\"elementor elementor-5609 elementor-5608\" data-elementor-post-type=\"page\">\n\t\t\t\t\t\t<section class=\"elementor-section elementor-top-section elementor-element elementor-element-0320217 elementor-reverse-tablet elementor-reverse-mobile elementor-section-stretched elementor-section-height-min-height elementor-section-boxed elementor-section-height-default elementor-section-items-middle\" data-id=\"0320217\" data-element_type=\"section\" data-settings=\"{&quot;background_background&quot;:&quot;classic&quot;,&quot;stretch_section&quot;:&quot;section-stretched&quot;}\">\n\t\t\t\t\t\t\t<div class=\"elementor-background-overlay\"><\/div>\n\t\t\t\t\t\t\t<div class=\"elementor-container elementor-column-gap-default\">\n\t\t\t\t\t<div class=\"elementor-column elementor-col-33 elementor-top-column elementor-element elementor-element-89bc005\" data-id=\"89bc005\" data-element_type=\"column\">\n\t\t\t<div class=\"elementor-widget-wrap\">\n\t\t\t\t\t\t\t<\/div>\n\t\t<\/div>\n\t\t\t\t<div class=\"elementor-column elementor-col-33 elementor-top-column elementor-element elementor-element-719f5e7\" data-id=\"719f5e7\" data-element_type=\"column\" id=\"fce-text\" data-settings=\"{&quot;background_background&quot;:&quot;classic&quot;}\">\n\t\t\t<div class=\"elementor-widget-wrap elementor-element-populated\">\n\t\t\t\t\t\t<div class=\"elementor-element elementor-element-d4d47d4 elementor-align-left elementor-widget elementor-widget-raven-heading\" data-id=\"d4d47d4\" data-element_type=\"widget\" data-widget_type=\"raven-heading.default\">\n\t\t\t\t<div class=\"elementor-widget-container\">\n\t\t\t\t\t\t\t<div class=\"raven-widget-wrapper\"><h1 class=\"raven-heading raven-heading-h1\"><span class=\"raven-heading-title \">T\u00e9rminos y condiciones<\/span><\/h1><\/div>\n\t\t\t\t\t\t<\/div>\n\t\t\t\t<\/div>\n\t\t\t\t\t<\/div>\n\t\t<\/div>\n\t\t\t\t<div class=\"elementor-column elementor-col-33 elementor-top-column elementor-element elementor-element-989e943\" data-id=\"989e943\" data-element_type=\"column\">\n\t\t\t<div class=\"elementor-widget-wrap elementor-element-populated\">\n\t\t\t\t\t\t<div class=\"elementor-element elementor-element-08204ca elementor-hidden-desktop elementor-widget elementor-widget-image\" data-id=\"08204ca\" data-element_type=\"widget\" data-widget_type=\"image.default\">\n\t\t\t\t<div class=\"elementor-widget-container\">\n\t\t\t\t\t\t\t\t\t\t\t\t\t\t\t<img fetchpriority=\"high\" decoding=\"async\" width=\"800\" height=\"439\" src=\"https:\/\/thelidjifirm.com\/wp-content\/uploads\/bg7-mobile-home-the-lidji-firm-pernoal-injury-attorney.png\" class=\"attachment-full size-full wp-image-4789\" alt=\"Carlos &amp; Lidji | Abogado | The Lidji Firm | Abogados de lesiones personales | Dallas Houston Texas\" srcset=\"https:\/\/thelidjifirm.com\/wp-content\/uploads\/bg7-mobile-home-the-lidji-firm-pernoal-injury-attorney.png 800w, https:\/\/thelidjifirm.com\/wp-content\/uploads\/bg7-mobile-home-the-lidji-firm-pernoal-injury-attorney-500x274.png 500w, https:\/\/thelidjifirm.com\/wp-content\/uploads\/bg7-mobile-home-the-lidji-firm-pernoal-injury-attorney-150x82.png 150w\" sizes=\"(max-width: 800px) 100vw, 800px\" title=\"\">\t\t\t\t\t\t\t\t\t\t\t\t\t\t\t<\/div>\n\t\t\t\t<\/div>\n\t\t\t\t\t<\/div>\n\t\t<\/div>\n\t\t\t\t\t<\/div>\n\t\t<\/section>\n\t\t\t\t<section class=\"elementor-section elementor-top-section elementor-element elementor-element-09cd640 elementor-section-stretched elementor-section-boxed elementor-section-height-default elementor-section-height-default\" data-id=\"09cd640\" data-element_type=\"section\" data-settings=\"{&quot;background_background&quot;:&quot;classic&quot;,&quot;stretch_section&quot;:&quot;section-stretched&quot;}\">\n\t\t\t\t\t\t<div class=\"elementor-container elementor-column-gap-default\">\n\t\t\t\t\t<div class=\"elementor-column elementor-col-16 elementor-top-column elementor-element elementor-element-e42dbdd\" data-id=\"e42dbdd\" data-element_type=\"column\">\n\t\t\t<div class=\"elementor-widget-wrap\">\n\t\t\t\t\t\t\t<\/div>\n\t\t<\/div>\n\t\t\t\t<div class=\"elementor-column elementor-col-16 elementor-top-column elementor-element elementor-element-52456d7\" data-id=\"52456d7\" data-element_type=\"column\">\n\t\t\t<div class=\"elementor-widget-wrap elementor-element-populated\">\n\t\t\t\t\t\t<div class=\"elementor-element elementor-element-2de2901 elementor-widget elementor-widget-text-editor\" data-id=\"2de2901\" data-element_type=\"widget\" data-widget_type=\"text-editor.default\">\n\t\t\t\t<div class=\"elementor-widget-container\">\n\t\t\t\t\t\t\t\t\t<p>El contenido de este sitio web no debe tomarse como sustituto del asesoramiento de un abogado o profesional m\u00e9dico competente. El uso de este sitio web o la presentaci\u00f3n de un formulario en l\u00ednea no constituye la formaci\u00f3n de una relaci\u00f3n abogado-cliente. Nadie en esta firma est\u00e1 de acuerdo en representarlo en ning\u00fan asunto legal. En consecuencia, no se forma ninguna relaci\u00f3n abogado-cliente hasta que este bufete de abogados se ponga en contacto con usted y firme un contrato abogado-cliente. No habr\u00e1 demandas presentadas, cartas escritas o demandas, reclamos o llamadas telef\u00f3nicas hechas para un cliente potencial hasta que esa persona est\u00e9 representada oficialmente por el bufete de abogados. Como se indic\u00f3 anteriormente, una relaci\u00f3n abogado-cliente s\u00f3lo surge despu\u00e9s de que el abogado y el cliente han firmado un acuerdo de abogado-cliente por escrito, y esto no surge hasta despu\u00e9s de que el abogado ha evaluado los hechos de fondo proporcionados y ha aceptado la representaci\u00f3n de la acci\u00f3n legal del cliente.<\/p>\n<p>Si usted ya est\u00e1 representado por un abogado, entonces ning\u00fan abogado o empleado de este bufete de abogados le proporcionar\u00e1 asesoramiento legal, o dar\u00e1 una opini\u00f3n sobre cualquier asunto legal pendiente, sin el consentimiento de su abogado. Si su abogado lo ha liberado de su caso y ha liberado sus intereses de honorarios de abogados tambi\u00e9n, o su abogado ha indicado que \u00e9l o ella se va a retirar y para que usted encuentre representaci\u00f3n legal, entonces ll\u00e1menos para discutir los hechos, o para una segunda opini\u00f3n.<\/p>\n<p>La informaci\u00f3n contenida en este sitio web, incluyendo, pero no limitado a, texto escrito, im\u00e1genes, art\u00edculos informativos y enlaces dentro o fuera del sitio no ha sido preparada, respaldada o revisada por cualquier forma de profesional m\u00e9dico con licencia, m\u00e9dico, ingeniero u otro experto m\u00e9dico o de seguridad. Nada en este sitio web debe ser tomado como consejo de seguridad, aprobaci\u00f3n de productos o asesoramiento legal o m\u00e9dico, sino que debe servir como una gu\u00eda de recursos para proporcionar informaci\u00f3n general que puede ser \u00fatil para los miembros del p\u00fablico.<\/p>\n<p>Se alienta a todos los visitantes a consultar con un m\u00e9dico u otro profesional m\u00e9dico con licencia para cualquier forma de asesoramiento m\u00e9dico y antes de tomar cualquier decisi\u00f3n con respecto a su salud pasada, actual o futura o tratamiento m\u00e9dico. Por favor, consulte a un abogado de su elecci\u00f3n para asesoramiento legal u otros servicios legales.<\/p>\n<p>La mayor\u00eda de los casos se toman sobre una base de honorarios de contingencia. Algunos casos, cuando The Lidji Firm lo considere apropiado, pueden remitirse a un abogado o bufete de abogados. A menos que se especifique en su acuerdo de tarifa, no se cobrar\u00e1n cargos ni gastos al cliente a menos que haya una recuperaci\u00f3n. El cliente es responsable del pago de sus propios gastos m\u00e9dicos.<\/p>\n<p>Adem\u00e1s, cualquier declaraci\u00f3n, inferencia, discusi\u00f3n o referencia a lesiones personales pasadas, demandas de responsabilidad de productos, acuerdos o veredictos no deben ser invocados en su propio caso o en su decisi\u00f3n en qu\u00e9 abogado o bufete de abogados contratar. Todos los casos, hechos, lesiones, da\u00f1os, lugares y demandas del cliente son diferentes, y no hay manera de predecir el resultado de un caso en particular, el veredicto de un jurado o juez o la fuerza de un caso ante un juez, jurado o un sistema judicial de apelaci\u00f3n.<\/p>\n<p>No divulgue informaci\u00f3n confidencial a este sitio web. El bufete de abogados no tiene el deber de mantener la informaci\u00f3n presentada como confidencial.<\/p>\n<p>Los medios digitales que aparecen en este sitio web con licencia de iStockphoto pueden representar modelos de una manera sensible (es decir, problemas de salud mental o f\u00edsica o angustia). Estos son modelos y no pacientes o clientes reales.<\/p>\n<p>Todas las marcas comerciales y marcas registradas que aparecen en este sitio web son propiedad de sus respectivos propietarios.<\/p>\n<p>&nbsp;<\/p>\n<p><em>\u00faltima actualizaci\u00f3n:<\/em> <strong> 10.23.2020<\/strong><\/p>\n\t\t\t\t\t\t\t\t<\/div>\n\t\t\t\t<\/div>\n\t\t\t\t\t<\/div>\n\t\t<\/div>\n\t\t\t\t<div class=\"elementor-column elementor-col-66 elementor-top-column elementor-element elementor-element-33eb9ee\" data-id=\"33eb9ee\" data-element_type=\"column\">\n\t\t\t<div class=\"elementor-widget-wrap\">\n\t\t\t\t\t\t\t<\/div>\n\t\t<\/div>\n\t\t\t\t\t<\/div>\n\t\t<\/section>\n\t\t\t\t<\/div>\n\t\t","protected":false},"excerpt":{"rendered":"<p>T\u00e9rminos y condiciones El contenido de este sitio web no debe tomarse como sustituto del asesoramiento de un abogado o profesional m\u00e9dico competente. El uso de este sitio web o la presentaci\u00f3n de un formulario en l\u00ednea no constituye la formaci\u00f3n de una relaci\u00f3n abogado-cliente. Nadie en esta firma est\u00e1 de acuerdo en representarlo en [&hellip;]<\/p>\n","protected":false},"author":8,"featured_media":0,"parent":0,"menu_order":150,"comment_status":"closed","ping_status":"closed","template":"elementor_header_footer","meta":{"_acf_changed":false,"footnotes":""},"class_list":["post-5609","page","type-page","status-publish","hentry"],"acf":[],"_links":{"self":[{"href":"https:\/\/thelidjifirm.com\/es\/wp-json\/wp\/v2\/pages\/5609","targetHints":{"allow":["GET"]}}],"collection":[{"href":"https:\/\/thelidjifirm.com\/es\/wp-json\/wp\/v2\/pages"}],"about":[{"href":"https:\/\/thelidjifirm.com\/es\/wp-json\/wp\/v2\/types\/page"}],"author":[{"embeddable":true,"href":"https:\/\/thelidjifirm.com\/es\/wp-json\/wp\/v2\/users\/8"}],"replies":[{"embeddable":true,"href":"https:\/\/thelidjifirm.com\/es\/wp-json\/wp\/v2\/comments?post=5609"}],"version-history":[{"count":0,"href":"https:\/\/thelidjifirm.com\/es\/wp-json\/wp\/v2\/pages\/5609\/revisions"}],"wp:attachment":[{"href":"https:\/\/thelidjifirm.com\/es\/wp-json\/wp\/v2\/media?parent=5609"}],"curies":[{"name":"wp","href":"https:\/\/api.w.org\/{rel}","templated":true}]}}