{"id":5606,"date":"2020-10-23T14:41:31","date_gmt":"2020-10-23T19:41:31","guid":{"rendered":"https:\/\/lidji.mach1design.com\/?page_id=5606"},"modified":"2021-09-01T11:18:02","modified_gmt":"2021-09-01T16:18:02","slug":"politica-de-privacidad","status":"publish","type":"page","link":"https:\/\/thelidjifirm.com\/es\/politica-de-privacidad\/","title":{"rendered":"Pol\u00edtica de privacidad"},"content":{"rendered":"\t\t<div data-elementor-type=\"wp-page\" data-elementor-id=\"5606\" class=\"elementor elementor-5606 elementor-5605\" data-elementor-post-type=\"page\">\n\t\t\t\t\t\t<section class=\"elementor-section elementor-top-section elementor-element elementor-element-1aa571e elementor-reverse-tablet elementor-reverse-mobile elementor-section-stretched elementor-section-height-min-height elementor-section-boxed elementor-section-height-default elementor-section-items-middle\" data-id=\"1aa571e\" data-element_type=\"section\" data-settings=\"{&quot;background_background&quot;:&quot;classic&quot;,&quot;stretch_section&quot;:&quot;section-stretched&quot;}\">\n\t\t\t\t\t\t\t<div class=\"elementor-background-overlay\"><\/div>\n\t\t\t\t\t\t\t<div class=\"elementor-container elementor-column-gap-default\">\n\t\t\t\t\t<div class=\"elementor-column elementor-col-33 elementor-top-column elementor-element elementor-element-0bc35a9\" data-id=\"0bc35a9\" data-element_type=\"column\">\n\t\t\t<div class=\"elementor-widget-wrap\">\n\t\t\t\t\t\t\t<\/div>\n\t\t<\/div>\n\t\t\t\t<div class=\"elementor-column elementor-col-33 elementor-top-column elementor-element elementor-element-de7e16f\" data-id=\"de7e16f\" data-element_type=\"column\" id=\"fce-text\" data-settings=\"{&quot;background_background&quot;:&quot;classic&quot;}\">\n\t\t\t<div class=\"elementor-widget-wrap elementor-element-populated\">\n\t\t\t\t\t\t<div class=\"elementor-element elementor-element-ff3d567 elementor-align-left elementor-widget elementor-widget-raven-heading\" data-id=\"ff3d567\" data-element_type=\"widget\" id=\"fce-text\" data-widget_type=\"raven-heading.default\">\n\t\t\t\t<div class=\"elementor-widget-container\">\n\t\t\t\t\t\t\t<div class=\"raven-widget-wrapper\"><h1 class=\"raven-heading raven-heading-h1\"><span class=\"raven-heading-title \">Pol\u00edtica de privacidad<\/span><\/h1><\/div>\n\t\t\t\t\t\t<\/div>\n\t\t\t\t<\/div>\n\t\t\t\t\t<\/div>\n\t\t<\/div>\n\t\t\t\t<div class=\"elementor-column elementor-col-33 elementor-top-column elementor-element elementor-element-b0356d2\" data-id=\"b0356d2\" data-element_type=\"column\">\n\t\t\t<div class=\"elementor-widget-wrap elementor-element-populated\">\n\t\t\t\t\t\t<div class=\"elementor-element elementor-element-46d1601 elementor-hidden-desktop elementor-widget elementor-widget-image\" data-id=\"46d1601\" data-element_type=\"widget\" data-widget_type=\"image.default\">\n\t\t\t\t<div class=\"elementor-widget-container\">\n\t\t\t\t\t\t\t\t\t\t\t\t\t\t\t<img fetchpriority=\"high\" decoding=\"async\" width=\"800\" height=\"439\" src=\"https:\/\/thelidjifirm.com\/wp-content\/uploads\/bg7-mobile-home-the-lidji-firm-pernoal-injury-attorney.png\" class=\"attachment-full size-full wp-image-4789\" alt=\"Carlos &amp; Lidji | Abogado | The Lidji Firm | Abogados de lesiones personales | Dallas Houston Texas\" srcset=\"https:\/\/thelidjifirm.com\/wp-content\/uploads\/bg7-mobile-home-the-lidji-firm-pernoal-injury-attorney.png 800w, https:\/\/thelidjifirm.com\/wp-content\/uploads\/bg7-mobile-home-the-lidji-firm-pernoal-injury-attorney-500x274.png 500w, https:\/\/thelidjifirm.com\/wp-content\/uploads\/bg7-mobile-home-the-lidji-firm-pernoal-injury-attorney-150x82.png 150w\" sizes=\"(max-width: 800px) 100vw, 800px\" title=\"\">\t\t\t\t\t\t\t\t\t\t\t\t\t\t\t<\/div>\n\t\t\t\t<\/div>\n\t\t\t\t\t<\/div>\n\t\t<\/div>\n\t\t\t\t\t<\/div>\n\t\t<\/section>\n\t\t\t\t<section class=\"elementor-section elementor-top-section elementor-element elementor-element-09cd640 elementor-section-stretched elementor-section-boxed elementor-section-height-default elementor-section-height-default\" data-id=\"09cd640\" data-element_type=\"section\" data-settings=\"{&quot;background_background&quot;:&quot;classic&quot;,&quot;stretch_section&quot;:&quot;section-stretched&quot;}\">\n\t\t\t\t\t\t<div class=\"elementor-container elementor-column-gap-default\">\n\t\t\t\t\t<div class=\"elementor-column elementor-col-16 elementor-top-column elementor-element elementor-element-e42dbdd\" data-id=\"e42dbdd\" data-element_type=\"column\">\n\t\t\t<div class=\"elementor-widget-wrap\">\n\t\t\t\t\t\t\t<\/div>\n\t\t<\/div>\n\t\t\t\t<div class=\"elementor-column elementor-col-16 elementor-top-column elementor-element elementor-element-52456d7\" data-id=\"52456d7\" data-element_type=\"column\">\n\t\t\t<div class=\"elementor-widget-wrap elementor-element-populated\">\n\t\t\t\t\t\t<div class=\"elementor-element elementor-element-6a774f3 elementor-widget elementor-widget-text-editor\" data-id=\"6a774f3\" data-element_type=\"widget\" data-widget_type=\"text-editor.default\">\n\t\t\t\t<div class=\"elementor-widget-container\">\n\t\t\t\t\t\t\t\t\t<p>La Firma Lidji (\u00abThe Lidji Firm\u00bb, \u00abnosotros\u00bb, \u00abnos\u00bb, \u00abnuestro\u00bb) comparte las preocupaciones de los visitantes (\u00abVisitantes\u00bb, \u00abusted\u00bb) a nuestro sitio web mundial de Internet (el \u00abSitio\u00bb) que enlaza directamente con esta pol\u00edtica de privacidad sobre la protecci\u00f3n de la informaci\u00f3n personal en l\u00ednea. Esta pol\u00edtica de privacidad (la \u00abPol\u00edtica\u00bb) describe nuestras pr\u00e1cticas con respecto a la privacidad de la informaci\u00f3n que recopilamos a trav\u00e9s del Sitio, que est\u00e1 alojada y operada desde los Estados Unidos. Esta Pol\u00edtica no rige nuestra recopilaci\u00f3n de informaci\u00f3n a trav\u00e9s de ning\u00fan sitio web, o por cualquier otro medio, que no sea a trav\u00e9s del Sitio, o la recopilaci\u00f3n de informaci\u00f3n por parte de ninguna subsidiaria, socio, patrocinador, consultor o empresa afiliada (\u00abEntidades Afiliadas\u00bb).<\/p>\n<p>Le recomendamos que lea esta Pol\u00edtica antes de utilizar nuestro Sitio. Al utilizar el Sitio, usted acepta los t\u00e9rminos y condiciones de esta Pol\u00edtica. Si no est\u00e1 de acuerdo con los t\u00e9rminos y condiciones de esta Pol\u00edtica, no utilice el Sitio.<\/p>\n<p><strong>1.<\/strong> Informaci\u00f3n que Lidji Firm recopila a trav\u00e9s del Sitio.<\/p>\n<p>La Firma Lidji recopila dos tipos b\u00e1sicos de informaci\u00f3n a trav\u00e9s del Sitio: \u00abInformaci\u00f3n Personal\u00bb, de la cual se puede identificar a un individuo, y \u00abInformaci\u00f3n agregada\u00bb, de la cual no se puede identificar a un individuo.<\/p>\n<p><strong>Un.<\/strong>  Informaci\u00f3n agregada. Cuando usted visita e interact\u00faa con el Sitio, The Lidji Firm y terceros con los que The Lidji Firm ha contratado para proporcionar servicios a The Lidji Firm pueden recopilar informaci\u00f3n an\u00f3nima de tres fuentes: archivos de registro del servidor, cookies y \u00abetiquetas de p\u00edxel\u00bb.<\/p>\n<p><strong>i<\/strong>. Archivos de registro del servidor. Su direcci\u00f3n de protocolo de Internet (IP) es un n\u00famero de identificaci\u00f3n que su proveedor de servicios de Internet (ISP) asigna autom\u00e1ticamente a su equipo. Este n\u00famero se identifica y registra autom\u00e1ticamente en nuestros archivos de registro del servidor cada vez que visita el Sitio, junto con la hora de su(s) visita(s) y la(s) p\u00e1gina(s) que visit\u00f3. Utilizamos las direcciones IP de todos los Visitantes para calcular los niveles de uso del Sitio, para ayudar a diagnosticar problemas con los servidores del Sitio y para administrar el Sitio. Tambi\u00e9n podemos usar direcciones IP para comunicarnos o bloquear el acceso de los Visitantes que no cumplan con nuestros T\u00e9rminos de Servicio. La recopilaci\u00f3n de direcciones IP es una pr\u00e1ctica est\u00e1ndar en Internet y se lleva a cabo autom\u00e1ticamente por muchos sitios web.<\/p>\n<p><strong>\u2161.<\/strong>  Galletas. Las cookies son datos que un servidor web transfiere al ordenador de un individuo para fines de mantenimiento de registros. Las cookies son un est\u00e1ndar de la industria utilizado por muchos sitios web y ayudan a facilitar el acceso continuo de los usuarios y el uso de un sitio web en particular. Las cookies no causan da\u00f1os a sus sistemas inform\u00e1ticos o archivos, y solo el sitio web que le transfiri\u00f3 una cookie en particular puede leer, modificar o eliminar dicha cookie. Si no desea que se recopile informaci\u00f3n mediante el uso de cookies, existen procedimientos sencillos en muchos navegadores que le permiten eliminar las cookies existentes, rechazar autom\u00e1ticamente las cookies o tener la opci\u00f3n de rechazar o aceptar la transferencia de determinadas cookies a su ordenador. Sin embargo, debe tener en cuenta que la disminuci\u00f3n de las cookies puede dificultar o ser imposible para usted utilizar partes del Sitio.<\/p>\n<p><strong>\u2162.<\/strong>  Etiquetas de p\u00edxeles. El Sitio puede utilizar las llamadas \u00abetiquetas de p\u00edxel\u00bb, \u00abbalizas web\u00bb, \u00abGIF transparentes\u00bb o medios similares (colectivamente, \u00abEtiquetas de p\u00edxeles\u00bb) para compilar estad\u00edsticas agregadas sobre el uso del Sitio y las tasas de respuesta. Las etiquetas de p\u00edxeles nos permiten contar los usuarios que han visitado determinadas p\u00e1ginas del Sitio, ofrecer servicios de marca y ayudar a determinar la eficacia de las campa\u00f1as promocionales o publicitarias. Cuando se utiliza en mensajes de correo electr\u00f3nico con formato HTML, las etiquetas de p\u00edxel pueden indicar al remitente si se ha abierto el correo electr\u00f3nico y cu\u00e1ndo.<\/p>\n<p><strong>B.<\/strong>  Informaci\u00f3n personal. No est\u00e1 obligado a registrarse o proporcionar Informaci\u00f3n Personal para acceder a nuestro Sitio, aunque ciertas funcionalidades (como enviar una evaluaci\u00f3n gratuita de casos) requieren Informaci\u00f3n Personal. Recopilamos Informaci\u00f3n Personal de usted solo cuando nos la proporciona voluntariamente: por ejemplo, al ponerse en contacto con nosotros a trav\u00e9s del Sitio, responder encuestas y encuestas, registrarse para recibir actualizaciones por correo electr\u00f3nico y anuncios relacionados con nuestros servicios y ponerse en contacto con The Lidji Firm para la evaluaci\u00f3n de casos. La informaci\u00f3n personal puede incluir su informaci\u00f3n de contacto (como su nombre, direcci\u00f3n postal, n\u00fameros de tel\u00e9fono y\/o direcci\u00f3n de correo electr\u00f3nico) e informaci\u00f3n espec\u00edfica del caso (como fechas importantes y detalles de lesiones).<\/p>\n<p><strong>2.<\/strong> Uso y divulgaci\u00f3n de informaci\u00f3n la firma Lidji recopila a trav\u00e9s del Sitio.<\/p>\n<p><strong>Un.<\/strong>  Informaci\u00f3n personal. Podemos utilizar su Informaci\u00f3n Personal de cualquiera de las siguientes maneras:<\/p>\n<p><strong>Yo.<\/strong>  Comunicaciones. Animamos a los Visitantes a ponerse en contacto con nosotros con preguntas y comentarios. La informaci\u00f3n personal se puede utilizar para responder a sus preguntas y comentarios.<\/p>\n<p><strong>\u2161.<\/strong>  Prop\u00f3sitos comerciales. Tambi\u00e9n podemos usar su informaci\u00f3n personal para fines comerciales internos, como analizar y administrar nuestros negocios. La Informaci\u00f3n Personal que usted proporciona a trav\u00e9s del Sitio puede combinarse con otra informaci\u00f3n que usted proporcione a The Lidji Firm (a trav\u00e9s de medios en l\u00ednea o fuera de l\u00ednea), con informaci\u00f3n demogr\u00e1fica y otra informaci\u00f3n que est\u00e9 disponible p\u00fablicamente, o con otra informaci\u00f3n sobre usted que The Lidji Firm pueda obtener en l\u00ednea o fuera de l\u00ednea.<\/p>\n<p><strong>iii<\/strong>. Miscel\u00e1neos. Por \u00faltimo, podemos divulgar su informaci\u00f3n personal si creemos que estamos obligados a hacerlo: (i) por ley; (ii) para cumplir con procesos legales o solicitudes gubernamentales; (iii) para hacer cumplir nuestros T\u00e9rminos de Servicio; (iv) para proteger nuestras operaciones; (v) para proteger los derechos, privacidad, seguridad o propiedad de The Lidji Firm, usted u otros; Y (vi) para permitirnos buscar remedios disponibles o limitar los da\u00f1os que podamos sufrir.<\/p>\n<p><strong>B.<\/strong>  Informaci\u00f3n agregada. Analizamos la informaci\u00f3n agregada con el fin de mejorar la seguridad del sitio web, realizar un seguimiento de la popularidad de ciertas p\u00e1ginas del Sitio, el \u00e9xito de nuestras notificaciones por correo electr\u00f3nico, los niveles de tr\u00e1fico en el Sitio y otros datos de uso, todo lo cual nos ayuda a proporcionar contenido personalizado, mejorar el Sitio y los servicios relacionados y mejorar de otra manera su experiencia en el Sitio. Podemos compartir Informaci\u00f3n agregada con Entidades Afiliadas y otros terceros.<\/p>\n<p><strong>3.<\/strong> Otras notas importantes con respecto a nuestras pr\u00e1cticas de privacidad.<\/p>\n<p><strong>Un.<\/strong>  Nota especial para los padres. La Firma Lidji se toma en serio sus obligaciones bajo la Ley de Protecci\u00f3n de la Privacidad Infantil en L\u00ednea con respecto a la recopilaci\u00f3n de Informaci\u00f3n Personal de personas menores de trece (13) a\u00f1os. El Sitio no est\u00e1 dirigido a ni\u00f1os, y solicitamos que los ni\u00f1os menores de 13 a\u00f1os no proporcionen Informaci\u00f3n Personal a trav\u00e9s del Sitio.<\/p>\n<p><strong>B.<\/strong>  Seguridad. Contamos con medidas de seguridad y herramientas para ayudar a proteger contra la p\u00e9rdida, mal uso y alteraci\u00f3n de la informaci\u00f3n bajo nuestro control. Ning\u00fan m\u00e9todo de transmisi\u00f3n o almacenamiento de datos es completamente seguro. Como resultado, aunque nos esforzamos por proteger su Informaci\u00f3n Personal, no podemos garantizar la seguridad de cualquier informaci\u00f3n que nos transmita a trav\u00e9s o en conexi\u00f3n con el Sitio.<\/p>\n<p><strong>C.<\/strong>  Otros Sitios de Terceros. El Sitio puede contener enlaces a sitios web de terceros. Estos sitios enlazados (incluidos los sitios web de entidades afiliadas) no est\u00e1n bajo el control de The Lidji Firm, y no somos responsables de las pr\u00e1cticas de privacidad o contenido de dicho sitio vinculado o cualquier enlace contenido en cualquier sitio vinculado. Proporcionamos dichos enlaces solo para su comodidad, y la inclusi\u00f3n de un enlace en el Sitio no implica la aprobaci\u00f3n del sitio vinculado por The Lidji Firm. Si proporciona Informaci\u00f3n Personal a trav\u00e9s de dicho sitio web de terceros, su transacci\u00f3n se producir\u00e1 en el sitio web de dicho tercero (no en el Sitio) y la Informaci\u00f3n Personal que proporcione ser\u00e1 recopilada y controlada por la pol\u00edtica de privacidad de ese tercero. Es importante que se familiarice con las pol\u00edticas y pr\u00e1cticas de privacidad de dichos terceros.<\/p>\n<p><strong>4.<\/strong> Cambios en esta Pol\u00edtica.<\/p>\n<p>Nos reservamos el derecho de cambiar esta Pol\u00edtica y cualquiera de nuestras pol\u00edticas o procedimientos relacionados con el tratamiento de la informaci\u00f3n recopilada a trav\u00e9s del Sitio sin previo aviso. Puede determinar cu\u00e1ndo se revis\u00f3 por \u00faltima vez esta Pol\u00edtica haciendo referencia a la leyenda \u00abLast Updated\u00bb en la parte superior de esta p\u00e1gina. Cualquier cambio en nuestra Pol\u00edtica entrar\u00e1 en vigor al publicar la Pol\u00edtica revisada en Internet, accesible a trav\u00e9s del Sitio. El uso del Sitio despu\u00e9s de dichos cambios constituye su aceptaci\u00f3n de la Pol\u00edtica revisada en ese momento en vigor. Le recomendamos que marque esta p\u00e1gina y la revise peri\u00f3dicamente para garantizar la familiaridad con la versi\u00f3n m\u00e1s reciente de nuestra Pol\u00edtica.<\/p>\n<p>Esta Pol\u00edtica representa la \u00fanica declaraci\u00f3n autorizada de las pr\u00e1cticas de The Lidji Firm con respecto a la recopilaci\u00f3n de Informaci\u00f3n Personal a trav\u00e9s del Sitio y el uso de dicha informaci\u00f3n por parte de The Lidji Firm. Cualquier res\u00famenes de esta Pol\u00edtica generados por software de terceros o de otro modo (por ejemplo, en relaci\u00f3n con la Plataforma de Preferencias de Privacidad o \u00abP3P\u00bb) no tendr\u00e1 ning\u00fan efecto legal, no vincular\u00e1 a The Lidji Firm, no se basar\u00e1 en sustituto de esta Pol\u00edtica y no reemplazar\u00e1 ni modificar\u00e1 esta Pol\u00edtica.<\/p>\n<p>AVISO REQUERIDO BAJO EL C\u00f3digo de Salud y Seguridad de Texas, Sec. 181.154 \u2013 HB 300<\/p>\n<p>Debido a que nuestro bufete de abogados recopila, almacena y transmite electr\u00f3nicamente registros m\u00e9dicos (Informaci\u00f3n de salud protegida \u2014 PHI), estamos obligados a publicar un aviso a los clientes de que su informaci\u00f3n m\u00e9dica protegida est\u00e1 sujeta a divulgaci\u00f3n electr\u00f3nica.<\/p>\n<p>Texas y la Ley Federal proh\u00edben cualquier divulgaci\u00f3n electr\u00f3nica de la informaci\u00f3n m\u00e9dica protegida de un cliente a cualquier persona sin una autorizaci\u00f3n separada del cliente para cada divulgaci\u00f3n. Esta autorizaci\u00f3n para la divulgaci\u00f3n puede hacerse por escrito o en forma electr\u00f3nica o oral si est\u00e1 documentada por escrito por nuestro bufete de abogados.<\/p>\n<p>La autorizaci\u00f3n para la divulgaci\u00f3n electr\u00f3nica de la informaci\u00f3n m\u00e9dica protegida descrita anteriormente no es necesaria si se realiza la divulgaci\u00f3n: a otra entidad cubierta, tal como se define ese t\u00e9rmino por la Secci\u00f3n 181.001, o a una entidad cubierta, tal como se define en la Secci\u00f3n 602.001, C\u00f3digo de Seguros, con el prop\u00f3sito de: tratamiento; pago; operaciones de atenci\u00f3n de la salud; realizar una funci\u00f3n de seguro o de organizaci\u00f3n de mantenimiento de la salud descrita en la Secci\u00f3n 602.053, C\u00f3digo de Seguros; o seg\u00fan lo autorizado o requerido por la ley estatal o federal. En otras palabras, no es necesaria ninguna otra liberaci\u00f3n para la divulgaci\u00f3n electr\u00f3nica a otros proveedores de atenci\u00f3n m\u00e9dica, compa\u00f1\u00edas de seguros, agencias gubernamentales o abogados defensores que representen a partes adversas.<\/p>\n<p><em>\u00faltima actualizaci\u00f3n:<\/em> <strong> 10.23.2020<\/strong><\/p>\n\t\t\t\t\t\t\t\t<\/div>\n\t\t\t\t<\/div>\n\t\t\t\t\t<\/div>\n\t\t<\/div>\n\t\t\t\t<div class=\"elementor-column elementor-col-66 elementor-top-column elementor-element elementor-element-33eb9ee\" data-id=\"33eb9ee\" data-element_type=\"column\">\n\t\t\t<div class=\"elementor-widget-wrap\">\n\t\t\t\t\t\t\t<\/div>\n\t\t<\/div>\n\t\t\t\t\t<\/div>\n\t\t<\/section>\n\t\t\t\t<\/div>\n\t\t","protected":false},"excerpt":{"rendered":"<p>Pol\u00edtica de privacidad La Firma Lidji (\u00abThe Lidji Firm\u00bb, \u00abnosotros\u00bb, \u00abnos\u00bb, \u00abnuestro\u00bb) comparte las preocupaciones de los visitantes (\u00abVisitantes\u00bb, \u00abusted\u00bb) a nuestro sitio web mundial de Internet (el \u00abSitio\u00bb) que enlaza directamente con esta pol\u00edtica de privacidad sobre la protecci\u00f3n de la informaci\u00f3n personal en l\u00ednea. Esta pol\u00edtica de privacidad (la \u00abPol\u00edtica\u00bb) describe nuestras pr\u00e1cticas [&hellip;]<\/p>\n","protected":false},"author":8,"featured_media":0,"parent":0,"menu_order":150,"comment_status":"closed","ping_status":"closed","template":"elementor_header_footer","meta":{"_acf_changed":false,"footnotes":""},"class_list":["post-5606","page","type-page","status-publish","hentry"],"acf":[],"_links":{"self":[{"href":"https:\/\/thelidjifirm.com\/es\/wp-json\/wp\/v2\/pages\/5606","targetHints":{"allow":["GET"]}}],"collection":[{"href":"https:\/\/thelidjifirm.com\/es\/wp-json\/wp\/v2\/pages"}],"about":[{"href":"https:\/\/thelidjifirm.com\/es\/wp-json\/wp\/v2\/types\/page"}],"author":[{"embeddable":true,"href":"https:\/\/thelidjifirm.com\/es\/wp-json\/wp\/v2\/users\/8"}],"replies":[{"embeddable":true,"href":"https:\/\/thelidjifirm.com\/es\/wp-json\/wp\/v2\/comments?post=5606"}],"version-history":[{"count":0,"href":"https:\/\/thelidjifirm.com\/es\/wp-json\/wp\/v2\/pages\/5606\/revisions"}],"wp:attachment":[{"href":"https:\/\/thelidjifirm.com\/es\/wp-json\/wp\/v2\/media?parent=5606"}],"curies":[{"name":"wp","href":"https:\/\/api.w.org\/{rel}","templated":true}]}}