{"id":5043,"date":"2015-01-31T18:07:08","date_gmt":"2015-02-01T00:07:08","guid":{"rendered":"https:\/\/lidji.mach1design.com\/evaluacion-de-caso-gratuita\/"},"modified":"2024-05-31T16:05:56","modified_gmt":"2024-05-31T21:05:56","slug":"ayuda-legal-gratuita","status":"publish","type":"page","link":"https:\/\/thelidjifirm.com\/es\/ayuda-legal-gratuita\/","title":{"rendered":"Evaluaci\u00f3n gratuita del caso"},"content":{"rendered":"\t\t<div data-elementor-type=\"wp-page\" data-elementor-id=\"5043\" class=\"elementor elementor-5043 elementor-362\" data-elementor-post-type=\"page\">\n\t\t\t\t\t\t<section class=\"elementor-section elementor-top-section elementor-element elementor-element-0320217 elementor-reverse-tablet elementor-reverse-mobile elementor-section-stretched elementor-section-boxed elementor-section-height-default elementor-section-height-default\" data-id=\"0320217\" data-element_type=\"section\" data-settings=\"{&quot;background_background&quot;:&quot;classic&quot;,&quot;stretch_section&quot;:&quot;section-stretched&quot;}\">\n\t\t\t\t\t\t\t<div class=\"elementor-background-overlay\"><\/div>\n\t\t\t\t\t\t\t<div class=\"elementor-container elementor-column-gap-default\">\n\t\t\t\t\t<div class=\"elementor-column elementor-col-50 elementor-top-column elementor-element elementor-element-719f5e7\" data-id=\"719f5e7\" data-element_type=\"column\" id=\"fce-text\" data-settings=\"{&quot;background_background&quot;:&quot;classic&quot;}\">\n\t\t\t<div class=\"elementor-widget-wrap elementor-element-populated\">\n\t\t\t\t\t\t<div class=\"elementor-element elementor-element-d4d47d4 elementor-align-left elementor-widget elementor-widget-raven-heading\" data-id=\"d4d47d4\" data-element_type=\"widget\" data-widget_type=\"raven-heading.default\">\n\t\t\t\t<div class=\"elementor-widget-container\">\n\t\t\t\t\t\t\t<div class=\"raven-widget-wrapper\"><h2 class=\"raven-heading raven-heading-h2\"><span class=\"raven-heading-title \">\u00bfCu\u00e1nto vale tu caso?<\/span><\/h2><\/div>\n\t\t\t\t\t\t<\/div>\n\t\t\t\t<\/div>\n\t\t\t\t<div class=\"elementor-element elementor-element-4643d1c elementor-align-left elementor-widget elementor-widget-raven-heading\" data-id=\"4643d1c\" data-element_type=\"widget\" data-widget_type=\"raven-heading.default\">\n\t\t\t\t<div class=\"elementor-widget-container\">\n\t\t\t\t\t\t\t<div class=\"raven-widget-wrapper\"><h1 class=\"raven-heading raven-heading-h1\"><span class=\"raven-heading-title \">Env\u00ede para recibir ayuda legal gratuita - Evaluaci\u00f3n de caso<\/span><\/h1><\/div>\n\t\t\t\t\t\t<\/div>\n\t\t\t\t<\/div>\n\t\t\t\t<div class=\"elementor-element elementor-element-c64cb0a elementor-widget elementor-widget-text-editor\" data-id=\"c64cb0a\" data-element_type=\"widget\" data-widget_type=\"text-editor.default\">\n\t\t\t\t<div class=\"elementor-widget-container\">\n\t\t\t\t\t\t\t\t\t<p>Si has sufrido lesiones por la negligencia de otra persona o empresa, o a causa de un producto defectuoso, o por cualquier otro motivo, el Bufete Lidji te ofrece una revisi\u00f3n gratuita y confidencial de tu caso para ayudarte a comprender tus opciones y posibles v\u00edas de actuaci\u00f3n. La consulta no cuesta nada y la conversaci\u00f3n es confidencial. La indemnizaci\u00f3n puede consistir en gastos m\u00e9dicos, p\u00e9rdida de ingresos, dolor y sufrimiento, da\u00f1os materiales y otros.<\/p>\n\t\t\t\t\t\t\t\t<\/div>\n\t\t\t\t<\/div>\n\t\t\t\t<div class=\"elementor-element elementor-element-da2e96e elementor-widget elementor-widget-text-editor\" data-id=\"da2e96e\" data-element_type=\"widget\" data-widget_type=\"text-editor.default\">\n\t\t\t\t<div class=\"elementor-widget-container\">\n\t\t\t\t\t\t\t\t\t<p>Nuestro bufete est\u00e1 a tu disposici\u00f3n para responder a tus preguntas y atender tus preocupaciones, y estamos preparados para proporcionar a tu caso el asesoramiento atento y la firme defensa necesarios para luchar por la justicia en tu nombre.<\/p>\n\t\t\t\t\t\t\t\t<\/div>\n\t\t\t\t<\/div>\n\t\t\t\t\t<\/div>\n\t\t<\/div>\n\t\t\t\t<div class=\"elementor-column elementor-col-50 elementor-top-column elementor-element elementor-element-989e943\" data-id=\"989e943\" data-element_type=\"column\">\n\t\t\t<div class=\"elementor-widget-wrap elementor-element-populated\">\n\t\t\t\t\t\t<div class=\"elementor-element elementor-element-08204ca elementor-hidden-desktop elementor-widget elementor-widget-image\" data-id=\"08204ca\" data-element_type=\"widget\" data-widget_type=\"image.default\">\n\t\t\t\t<div class=\"elementor-widget-container\">\n\t\t\t\t\t\t\t\t\t\t\t\t\t\t\t<img fetchpriority=\"high\" decoding=\"async\" width=\"528\" height=\"439\" src=\"https:\/\/thelidjifirm.com\/wp-content\/uploads\/Lidji-Attorney-The-LIDJI-Law-Firm-Personal-Injury-Attorney-Dallas-Houston-Texas.jpg\" class=\"attachment-full size-full wp-image-13931\" alt=\"Lidji | Attorney | The LIDJI Law Firm | Personal Injury Attorney | Dallas Houston Texas\" srcset=\"https:\/\/thelidjifirm.com\/wp-content\/uploads\/Lidji-Attorney-The-LIDJI-Law-Firm-Personal-Injury-Attorney-Dallas-Houston-Texas.jpg 528w, https:\/\/thelidjifirm.com\/wp-content\/uploads\/Lidji-Attorney-The-LIDJI-Law-Firm-Personal-Injury-Attorney-Dallas-Houston-Texas-150x125.jpg 150w\" sizes=\"(max-width: 528px) 100vw, 528px\" title=\"\">\t\t\t\t\t\t\t\t\t\t\t\t\t\t\t<\/div>\n\t\t\t\t<\/div>\n\t\t\t\t\t<\/div>\n\t\t<\/div>\n\t\t\t\t\t<\/div>\n\t\t<\/section>\n\t\t\t\t<section class=\"elementor-section elementor-top-section elementor-element elementor-element-09cd640 elementor-section-stretched elementor-section-boxed elementor-section-height-default elementor-section-height-default\" data-id=\"09cd640\" data-element_type=\"section\" data-settings=\"{&quot;background_background&quot;:&quot;classic&quot;,&quot;stretch_section&quot;:&quot;section-stretched&quot;}\">\n\t\t\t\t\t\t<div class=\"elementor-container elementor-column-gap-default\">\n\t\t\t\t\t<div class=\"elementor-column elementor-col-16 elementor-top-column elementor-element elementor-element-e42dbdd\" data-id=\"e42dbdd\" data-element_type=\"column\">\n\t\t\t<div class=\"elementor-widget-wrap\">\n\t\t\t\t\t\t\t<\/div>\n\t\t<\/div>\n\t\t\t\t<div class=\"elementor-column elementor-col-16 elementor-top-column elementor-element elementor-element-52456d7\" data-id=\"52456d7\" data-element_type=\"column\">\n\t\t\t<div class=\"elementor-widget-wrap elementor-element-populated\">\n\t\t\t\t\t\t<div class=\"elementor-element elementor-element-e7b1ac0 elementor-align-center elementor-widget elementor-widget-raven-heading\" data-id=\"e7b1ac0\" data-element_type=\"widget\" data-widget_type=\"raven-heading.default\">\n\t\t\t\t<div class=\"elementor-widget-container\">\n\t\t\t\t\t\t\t<div class=\"raven-widget-wrapper\"><h2 class=\"raven-heading raven-heading-h2\"><span class=\"raven-heading-title \">Ayuda legal gratuita - Evaluaci\u00f3n de caso<\/span><\/h2><\/div>\n\t\t\t\t\t\t<\/div>\n\t\t\t\t<\/div>\n\t\t\t\t<div class=\"elementor-element elementor-element-848079e elementor-widget elementor-widget-shortcode\" data-id=\"848079e\" data-element_type=\"widget\" data-widget_type=\"shortcode.default\">\n\t\t\t\t<div class=\"elementor-widget-container\">\n\t\t\t\t\t\t\t<div class=\"elementor-shortcode\"><div class=\"wpforms-container wpforms-container-full\" id=\"wpforms-5309\"><form id=\"wpforms-form-5309\" class=\"wpforms-validate wpforms-form wpforms-ajax-form\" data-formid=\"5309\" method=\"post\" enctype=\"multipart\/form-data\" action=\"\/es\/wp-json\/wp\/v2\/pages\/5043\" data-token=\"2cfea75ea1133abf2c2a30693c7e51cb\"><noscript class=\"wpforms-error-noscript\">Por favor, activa JavaScript en tu navegador para completar este formulario.<\/noscript><div class=\"wpforms-field-container\"><div id=\"wpforms-5309-field_0-container\" class=\"wpforms-field wpforms-field-name wpf_fce fce_name\" data-field-id=\"0\"><label class=\"wpforms-field-label wpforms-label-hide\" for=\"wpforms-5309-field_0\">Nombre completo <span class=\"wpforms-required-label\">*<\/span><\/label><input type=\"text\" id=\"wpforms-5309-field_0\" class=\"wpforms-field-medium wpforms-field-required\" name=\"wpforms[fields][0]\" placeholder=\"Nombre completo\" required><\/div><div id=\"wpforms-5309-field_5-container\" class=\"wpforms-field wpforms-field-phone wpforms-one-half wpforms-first wpf_fce fce_phone\" data-field-id=\"5\"><label class=\"wpforms-field-label wpforms-label-hide\" for=\"wpforms-5309-field_5\">Tel\u00e9fono <span class=\"wpforms-required-label\">*<\/span><\/label><input type=\"tel\" id=\"wpforms-5309-field_5\" class=\"wpforms-field-large wpforms-field-required wpforms-masked-input\" data-inputmask=\"&#039;mask&#039;: &#039;(999) 999-9999&#039;\" data-rule-us-phone-field=\"true\" data-inputmask-inputmode=\"tel\" name=\"wpforms[fields][5]\" placeholder=\"Tel\u00e9fono\" required><\/div><div id=\"wpforms-5309-field_1-container\" class=\"wpforms-field wpforms-field-email wpf_fce fce_email wpforms-one-half\" data-field-id=\"1\"><label class=\"wpforms-field-label wpforms-label-hide\" for=\"wpforms-5309-field_1\">Correo Electr\u00f3nico <span class=\"wpforms-required-label\">*<\/span><\/label><input type=\"email\" id=\"wpforms-5309-field_1\" class=\"wpforms-field-large wpforms-field-required\" data-rule-restricted-email=\"1\" name=\"wpforms[fields][1]\" placeholder=\"Correo Electr\u00f3nico\" spellcheck=\"false\" required><\/div><div id=\"wpforms-5309-field_4-container\" class=\"wpforms-field wpforms-field-select wpf_fce fce_casetype wpforms-field-select-style-modern\" data-field-id=\"4\"><label class=\"wpforms-field-label wpforms-label-hide\" for=\"wpforms-5309-field_4\">Tipo de caso<\/label><select id=\"wpforms-5309-field_4\" class=\"wpforms-field-medium choicesjs-select\" data-size-class=\"wpforms-field-row wpforms-field-medium\" data-search-enabled=\"1\" name=\"wpforms[fields][4][]\" multiple=\"multiple\"><option value=\"\" class=\"placeholder\" disabled >Tipo de caso (opcional)<\/option><option value=\"Agravio masivo - BadPill\" >Agravio masivo - BadPill<\/option><option value=\"Demanda de Camp Lejeune\" >Demanda de Camp Lejeune<\/option><option value=\"Defecto de nacimiento infantil \u2013 Lesi\u00f3n de nacimiento\" >Defecto de nacimiento infantil \u2013 Lesi\u00f3n de nacimiento<\/option><option value=\"Demanda de Johnson &amp; Johnson Powder\" >Demanda de Johnson &amp; Johnson Powder<\/option><option value=\"Demanda de Roundup\" >Demanda de Roundup<\/option><option value=\"Demanda de CPAP de Phillips\" >Demanda de CPAP de Phillips<\/option><option value=\"Demanda de Paraquat\" >Demanda de Paraquat<\/option><option value=\"C\u00e1ncer de Zantac\" >C\u00e1ncer de Zantac<\/option><option value=\"Demandas de Januvia\" >Demandas de Januvia<\/option><option value=\"Demanda por problemas card\u00edacos de Zofran\" >Demanda por problemas card\u00edacos de Zofran<\/option><option value=\"Mala praxis m\u00e9dica\" >Mala praxis m\u00e9dica<\/option><option value=\"Demanda de filtro IVC\" >Demanda de filtro IVC<\/option><option value=\"Lesiones personales\" >Lesiones personales<\/option><option value=\"Accidente de cami\u00f3n\" >Accidente de cami\u00f3n<\/option><option value=\"Accidente de auto\" >Accidente de auto<\/option><option value=\"Accidente de motocicleta\" >Accidente de motocicleta<\/option><option value=\"Accidentes por conducir ebrio\" >Accidentes por conducir ebrio<\/option><option value=\"Responsabilidad de la tienda de dram\" >Responsabilidad de la tienda de dram<\/option><option value=\"Accidentes de construcci\u00f3n\" >Accidentes de construcci\u00f3n<\/option><option value=\"Responsabilidad de los locales\" >Responsabilidad de los locales<\/option><option value=\"Responsabilidad del producto\" >Responsabilidad del producto<\/option><option value=\"Muerte injusta\" >Muerte injusta<\/option><\/select><\/div><div id=\"wpforms-5309-field_2-container\" class=\"wpforms-field wpforms-field-textarea wpf_fce fce_casedetail\" data-field-id=\"2\"><label class=\"wpforms-field-label wpforms-label-hide\" for=\"wpforms-5309-field_2\">Detalle del caso <span class=\"wpforms-required-label\">*<\/span><\/label><textarea id=\"wpforms-5309-field_2\" class=\"wpforms-field-medium wpforms-field-required\" name=\"wpforms[fields][2]\" placeholder=\"Por favor describe tu caso\" required><\/textarea><\/div><div id=\"wpforms-5309-field_8-container\" class=\"wpforms-field wpforms-field-date-time wpf_fce wpforms-one-half wpforms-first\" data-field-id=\"8\"><label class=\"wpforms-field-label\" for=\"wpforms-5309-field_8\">Fecha del accidente <span class=\"wpforms-required-label\">*<\/span><\/label><div class=\"wpforms-datepicker-wrap\"><input type=\"text\" id=\"wpforms-5309-field_8\" class=\"wpforms-field-date-time-date wpforms-datepicker wpforms-field-required wpforms-field-medium\" data-date-format=\"F j, Y\" data-disable-past-dates=\"0\" data-input=\"true\" name=\"wpforms[fields][8][date]\" placeholder=\"Por favor seleccione\" required><a title=\"Borrar fecha\" data-clear class=\"wpforms-datepicker-clear\" style=\"display:none;\"><\/a><\/div><\/div><div id=\"wpforms-5309-field_9-container\" class=\"wpforms-field wpforms-field-radio wpforms-one-half wpf_fce wpforms-list-2-columns\" data-field-id=\"9\"><label class=\"wpforms-field-label\" for=\"wpforms-5309-field_9\">\u00bfYa tienes abogado? <span class=\"wpforms-required-label\">*<\/span><\/label><ul id=\"wpforms-5309-field_9\" class=\"wpforms-field-required\"><li class=\"choice-1 depth-1\"><input type=\"radio\" id=\"wpforms-5309-field_9_1\" name=\"wpforms[fields][9]\" value=\"S\u00ed\" required ><label class=\"wpforms-field-label-inline\" for=\"wpforms-5309-field_9_1\">S\u00ed<\/label><\/li><li class=\"choice-2 depth-1\"><input type=\"radio\" id=\"wpforms-5309-field_9_2\" name=\"wpforms[fields][9]\" value=\"No\" required ><label class=\"wpforms-field-label-inline\" for=\"wpforms-5309-field_9_2\">No<\/label><\/li><\/ul><\/div><\/div><!-- .wpforms-field-container --><input type=\"hidden\" name=\"wpforms[recaptcha]\" value=\"\"><div class=\"wpforms-submit-container\" ><input type=\"hidden\" name=\"wpforms[id]\" value=\"5309\"><input type=\"hidden\" name=\"wpforms[author]\" value=\"8\"><button type=\"submit\" name=\"wpforms[submit]\" id=\"wpforms-submit-5309\" class=\"wpforms-submit\" data-alt-text=\"Enviar...\" data-submit-text=\"Enviar\" aria-live=\"assertive\" value=\"wpforms-submit\">Enviar<\/button><img decoding=\"async\" src=\"https:\/\/thelidjifirm.com\/wp-content\/plugins\/wpforms\/assets\/images\/submit-spin.svg\" class=\"wpforms-submit-spinner\" style=\"display: none;\" width=\"26\" height=\"26\" alt=\"Cargando\" title=\"\"><\/div><\/form><\/div>  <!-- .wpforms-container --><\/div>\n\t\t\t\t\t\t<\/div>\n\t\t\t\t<\/div>\n\t\t\t\t\t<\/div>\n\t\t<\/div>\n\t\t\t\t<div class=\"elementor-column elementor-col-66 elementor-top-column elementor-element elementor-element-33eb9ee\" data-id=\"33eb9ee\" data-element_type=\"column\">\n\t\t\t<div class=\"elementor-widget-wrap\">\n\t\t\t\t\t\t\t<\/div>\n\t\t<\/div>\n\t\t\t\t\t<\/div>\n\t\t<\/section>\n\t\t\t\t<\/div>\n\t\t","protected":false},"excerpt":{"rendered":"<p>\u00bfCu\u00e1nto vale tu caso? Env\u00ede para recibir ayuda legal gratuita &#8211; Evaluaci\u00f3n de caso Si has sufrido lesiones por la negligencia de otra persona o empresa, o a causa de un producto defectuoso, o por cualquier otro motivo, el Bufete Lidji te ofrece una revisi\u00f3n gratuita y confidencial de tu caso para ayudarte a comprender [&hellip;]<\/p>\n","protected":false},"author":8,"featured_media":0,"parent":0,"menu_order":110,"comment_status":"closed","ping_status":"closed","template":"elementor_header_footer","meta":{"_acf_changed":false,"footnotes":""},"class_list":["post-5043","page","type-page","status-publish","hentry"],"acf":[],"_links":{"self":[{"href":"https:\/\/thelidjifirm.com\/es\/wp-json\/wp\/v2\/pages\/5043","targetHints":{"allow":["GET"]}}],"collection":[{"href":"https:\/\/thelidjifirm.com\/es\/wp-json\/wp\/v2\/pages"}],"about":[{"href":"https:\/\/thelidjifirm.com\/es\/wp-json\/wp\/v2\/types\/page"}],"author":[{"embeddable":true,"href":"https:\/\/thelidjifirm.com\/es\/wp-json\/wp\/v2\/users\/8"}],"replies":[{"embeddable":true,"href":"https:\/\/thelidjifirm.com\/es\/wp-json\/wp\/v2\/comments?post=5043"}],"version-history":[{"count":2,"href":"https:\/\/thelidjifirm.com\/es\/wp-json\/wp\/v2\/pages\/5043\/revisions"}],"predecessor-version":[{"id":14155,"href":"https:\/\/thelidjifirm.com\/es\/wp-json\/wp\/v2\/pages\/5043\/revisions\/14155"}],"wp:attachment":[{"href":"https:\/\/thelidjifirm.com\/es\/wp-json\/wp\/v2\/media?parent=5043"}],"curies":[{"name":"wp","href":"https:\/\/api.w.org\/{rel}","templated":true}]}}