{"id":5037,"date":"2019-07-09T21:03:23","date_gmt":"2019-07-10T02:03:23","guid":{"rendered":"https:\/\/lidji.mach1design.com\/blog\/"},"modified":"2022-10-06T15:53:43","modified_gmt":"2022-10-06T20:53:43","slug":"blog","status":"publish","type":"page","link":"https:\/\/thelidjifirm.com\/es\/blog\/","title":{"rendered":"Blog"},"content":{"rendered":"\t\t<div data-elementor-type=\"wp-post\" data-elementor-id=\"5037\" class=\"elementor elementor-5037 elementor-19\" data-elementor-post-type=\"page\">\n\t\t\t\t\t\t<section class=\"elementor-section elementor-top-section elementor-element elementor-element-4f156be elementor-section-height-min-height elementor-section-boxed elementor-section-height-default elementor-section-items-middle\" data-id=\"4f156be\" data-element_type=\"section\" data-settings=\"{&quot;background_background&quot;:&quot;classic&quot;}\">\n\t\t\t\t\t\t\t<div class=\"elementor-background-overlay\"><\/div>\n\t\t\t\t\t\t\t<div class=\"elementor-container elementor-column-gap-default\">\n\t\t\t\t\t<div class=\"elementor-column elementor-col-100 elementor-top-column elementor-element elementor-element-e04b5bc\" data-id=\"e04b5bc\" data-element_type=\"column\">\n\t\t\t<div class=\"elementor-widget-wrap elementor-element-populated\">\n\t\t\t\t\t\t<div class=\"elementor-element elementor-element-7a12c7a elementor-mobile-align-center elementor-align-center elementor-widget elementor-widget-raven-heading\" data-id=\"7a12c7a\" data-element_type=\"widget\" data-widget_type=\"raven-heading.default\">\n\t\t\t\t<div class=\"elementor-widget-container\">\n\t\t\t\t\t\t\t<div class=\"raven-widget-wrapper\"><h1 class=\"raven-heading raven-heading-h1\"><span class=\"raven-heading-title \">LA LIDJI FIRMA<div class=\"size2 wbt\">Blogs y art\u00edculos<\/div><\/span><\/h1><\/div>\n\t\t\t\t\t\t<\/div>\n\t\t\t\t<\/div>\n\t\t\t\t\t<\/div>\n\t\t<\/div>\n\t\t\t\t\t<\/div>\n\t\t<\/section>\n\t\t\t\t<section class=\"elementor-section elementor-top-section elementor-element elementor-element-5582443 elementor-section-boxed elementor-section-height-default elementor-section-height-default\" data-id=\"5582443\" data-element_type=\"section\">\n\t\t\t\t\t\t<div class=\"elementor-container elementor-column-gap-default\">\n\t\t\t\t\t<div class=\"elementor-column elementor-col-100 elementor-top-column elementor-element elementor-element-238bc45\" data-id=\"238bc45\" data-element_type=\"column\">\n\t\t\t<div class=\"elementor-widget-wrap elementor-element-populated\">\n\t\t\t\t\t\t<div class=\"elementor-element elementor-element-335043a pst elementor-widget elementor-widget-raven-posts\" data-id=\"335043a\" data-element_type=\"widget\" data-settings=\"{&quot;classic_pagination_type&quot;:&quot;load_more&quot;,&quot;classic_show_pagination&quot;:&quot;yes&quot;,&quot;_skin&quot;:&quot;classic&quot;,&quot;classic_layout&quot;:&quot;grid&quot;,&quot;classic_columns&quot;:&quot;3&quot;,&quot;classic_columns_tablet&quot;:&quot;2&quot;,&quot;classic_columns_mobile&quot;:&quot;1&quot;,&quot;query_posts_per_page&quot;:6,&quot;query_offset&quot;:0}\" data-widget_type=\"raven-posts.classic\">\n\t\t\t\t<div class=\"elementor-widget-container\">\n\t\t\t\t\t\t\t<div class=\"raven-posts raven-grid raven-grid-3 raven-grid-mobile-1 raven-grid-tablet-2\" data-post-id=\"5037\" data-archive-query=\"\" data-lang=\"\">\n\t\t\t\t<div class=\"raven-grid-item raven-post-item post-13234 post type-post status-publish format-standard hentry category-demanda-de-camp-lejeune\">\n\t\t\t<div class=\"raven-post\">\n\t\t\t\t\t\t\t\t<div class=\"raven-post-content\">\n\t\t\t\t\t<h4 class=\"raven-post-title\"><a class=\"raven-post-title-link\" href=\"https:\/\/thelidjifirm.com\/es\/the-pact-act-camp-lejeune-veteranos\/\">Los veteranos de Camp Lejeune finalmente obtienen justicia en la Ley PACT<\/a><\/h4>\t\t<div class=\"raven-post-meta\"><span class=\"raven-post-meta-item raven-post-categories\"><a href=\"https:\/\/thelidjifirm.com\/es\/category\/masivo-tort\/demanda-de-camp-lejeune\/\" rel=\"tag\">Demanda de Camp Lejeune<\/a><\/span><\/div>\n\t\t<div class=\"raven-post-excerpt\">La Ley PACT permite a los veteranos de Camp Lejeune y a las familias perjudicadas por el agua contaminada en Camp Lejeune presentar demandas contra el gobierno federal. La justicia<\/div>\t\t<div class=\"raven-post-read-more\">\n\t\t\t<a class=\"raven-post-button\" href=\"https:\/\/thelidjifirm.com\/es\/the-pact-act-camp-lejeune-veteranos\/\"><span class=\"raven-post-button-text\">Read <i class=\"fas fa-chevron-right\" style=\"margin-left: 5px\"><\/i><\/span><\/a>\n\t\t<\/div>\n\t\t\t\t\t\t<\/div>\n\t\t\t<\/div>\n\t\t<\/div>\n\t\t\t\t<div class=\"raven-grid-item raven-post-item post-13216 post type-post status-publish format-standard hentry category-demanda-de-camp-lejeune\">\n\t\t\t<div class=\"raven-post\">\n\t\t\t\t\t\t\t\t<div class=\"raven-post-content\">\n\t\t\t\t\t<h4 class=\"raven-post-title\"><a class=\"raven-post-title-link\" href=\"https:\/\/thelidjifirm.com\/es\/actualizacion-de-la-demanda-por-contaminacion-del-agua-de-camp-lejeune\/\">Actualizaci\u00f3n de la demanda por contaminaci\u00f3n del agua de Camp Lejeune 2022<\/a><\/h4>\t\t<div class=\"raven-post-meta\"><span class=\"raven-post-meta-item raven-post-categories\"><a href=\"https:\/\/thelidjifirm.com\/es\/category\/masivo-tort\/demanda-de-camp-lejeune\/\" rel=\"tag\">Demanda de Camp Lejeune<\/a><\/span><\/div>\n\t\t<div class=\"raven-post-excerpt\">Lea la reciente actualizaci\u00f3n de la demanda por contaminaci\u00f3n del agua de Camp Lejeune en 2022 con los abogados The Lidji Firm. Act\u00faa ahora si estuvieras estacionado all\u00ed. Los abogados<\/div>\t\t<div class=\"raven-post-read-more\">\n\t\t\t<a class=\"raven-post-button\" href=\"https:\/\/thelidjifirm.com\/es\/actualizacion-de-la-demanda-por-contaminacion-del-agua-de-camp-lejeune\/\"><span class=\"raven-post-button-text\">Read <i class=\"fas fa-chevron-right\" style=\"margin-left: 5px\"><\/i><\/span><\/a>\n\t\t<\/div>\n\t\t\t\t\t\t<\/div>\n\t\t\t<\/div>\n\t\t<\/div>\n\t\t\t\t<div class=\"raven-grid-item raven-post-item post-13096 post type-post status-publish format-standard has-post-thumbnail hentry category-demanda-de-camp-lejeune\">\n\t\t\t<div class=\"raven-post\">\n\t\t\t\t\t\t<div class=\"raven-post-image-wrap\">\n\t\t\t<a class=\"raven-post-image raven-image-fit\" href=\"https:\/\/thelidjifirm.com\/es\/camp-lejeune-contaminacion-demanda\/\"><img fetchpriority=\"high\" decoding=\"async\" width=\"1200\" height=\"629\" src=\"https:\/\/thelidjifirm.com\/wp-content\/uploads\/Camp-Lejeune-Contamination-Lawsuit-The-Lidji-Firm-2.jpg\" class=\"attachment-full size-full wp-image-13092\" alt=\"Camp Lejeune Contamination Lawsuit | The Lidji Firm\" title=\"\" srcset=\"https:\/\/thelidjifirm.com\/wp-content\/uploads\/Camp-Lejeune-Contamination-Lawsuit-The-Lidji-Firm-2.jpg 1200w, https:\/\/thelidjifirm.com\/wp-content\/uploads\/Camp-Lejeune-Contamination-Lawsuit-The-Lidji-Firm-2-150x79.jpg 150w\" sizes=\"(max-width: 1200px) 100vw, 1200px\" \/> <span class=\"raven-post-image-overlay\"><\/span><\/a>\t\t<\/div>\n\t\t\t\t\t\t<div class=\"raven-post-content\">\n\t\t\t\t\t<h4 class=\"raven-post-title\"><a class=\"raven-post-title-link\" href=\"https:\/\/thelidjifirm.com\/es\/camp-lejeune-contaminacion-demanda\/\">Demanda por contaminaci\u00f3n de Camp Lejeune: lo que hay que saber<\/a><\/h4>\t\t<div class=\"raven-post-meta\"><span class=\"raven-post-meta-item raven-post-categories\"><a href=\"https:\/\/thelidjifirm.com\/es\/category\/masivo-tort\/demanda-de-camp-lejeune\/\" rel=\"tag\">Demanda de Camp Lejeune<\/a><\/span><\/div>\n\t\t<div class=\"raven-post-excerpt\">Conozca los antecedentes, el impacto y el proceso de presentaci\u00f3n de reclamos de la demanda por contaminaci\u00f3n de Camp Lejeune con The Lidji Firm. Antecedentes de la demanda por contaminaci\u00f3n<\/div>\t\t<div class=\"raven-post-read-more\">\n\t\t\t<a class=\"raven-post-button\" href=\"https:\/\/thelidjifirm.com\/es\/camp-lejeune-contaminacion-demanda\/\"><span class=\"raven-post-button-text\">Read <i class=\"fas fa-chevron-right\" style=\"margin-left: 5px\"><\/i><\/span><\/a>\n\t\t<\/div>\n\t\t\t\t\t\t<\/div>\n\t\t\t<\/div>\n\t\t<\/div>\n\t\t\t\t<div class=\"raven-grid-item raven-post-item post-11164 post type-post status-publish format-standard has-post-thumbnail hentry category-lesiones-congenitos\">\n\t\t\t<div class=\"raven-post\">\n\t\t\t\t\t\t<div class=\"raven-post-image-wrap\">\n\t\t\t<a class=\"raven-post-image raven-image-fit\" href=\"https:\/\/thelidjifirm.com\/es\/protectores-solares-otro-carcinogeno-encontrado-3\/\"><img decoding=\"async\" width=\"1200\" height=\"630\" src=\"https:\/\/thelidjifirm.com\/wp-content\/uploads\/neonatal_hypoxic_ischemic_encephalopathy-the_lidji_firm-birth_injury_lawyer.jpg\" class=\"attachment-full size-full wp-image-11174\" alt=\"Encefalopat\u00eda isqu\u00e9mica hip\u00f3xica neonatal (HIE) | Abogado de Lesiones de Nacimiento de The Lidji Firm\" title=\"\" srcset=\"https:\/\/thelidjifirm.com\/wp-content\/uploads\/neonatal_hypoxic_ischemic_encephalopathy-the_lidji_firm-birth_injury_lawyer.jpg 1200w, https:\/\/thelidjifirm.com\/wp-content\/uploads\/neonatal_hypoxic_ischemic_encephalopathy-the_lidji_firm-birth_injury_lawyer-150x79.jpg 150w\" sizes=\"(max-width: 1200px) 100vw, 1200px\" \/> <span class=\"raven-post-image-overlay\"><\/span><\/a>\t\t<\/div>\n\t\t\t\t\t\t<div class=\"raven-post-content\">\n\t\t\t\t\t<h4 class=\"raven-post-title\"><a class=\"raven-post-title-link\" href=\"https:\/\/thelidjifirm.com\/es\/protectores-solares-otro-carcinogeno-encontrado-3\/\">Encefalopat\u00eda isqu\u00e9mica hip\u00f3xica neonatal (HIE)<\/a><\/h4>\t\t<div class=\"raven-post-meta\"><span class=\"raven-post-meta-item raven-post-categories\"><a href=\"https:\/\/thelidjifirm.com\/es\/category\/lesiones-congenitos\/\" rel=\"tag\">Lesiones cong\u00e9nitos<\/a><\/span><\/div>\n\t\t<div class=\"raven-post-excerpt\">Visi\u00f3n general La encefalopat\u00eda isqu\u00e9mica hip\u00f3xica (HIE) es un tipo de disfunci\u00f3n cerebral que ocurre cuando el cerebro no recibe suficiente ox\u00edgeno o flujo sangu\u00edneo durante un per\u00edodo de tiempo.<\/div>\t\t<div class=\"raven-post-read-more\">\n\t\t\t<a class=\"raven-post-button\" href=\"https:\/\/thelidjifirm.com\/es\/protectores-solares-otro-carcinogeno-encontrado-3\/\"><span class=\"raven-post-button-text\">Read <i class=\"fas fa-chevron-right\" style=\"margin-left: 5px\"><\/i><\/span><\/a>\n\t\t<\/div>\n\t\t\t\t\t\t<\/div>\n\t\t\t<\/div>\n\t\t<\/div>\n\t\t\t\t<div class=\"raven-grid-item raven-post-item post-11161 post type-post status-publish format-standard has-post-thumbnail hentry category-lesiones-congenitos\">\n\t\t\t<div class=\"raven-post\">\n\t\t\t\t\t\t<div class=\"raven-post-image-wrap\">\n\t\t\t<a class=\"raven-post-image raven-image-fit\" href=\"https:\/\/thelidjifirm.com\/es\/protectores-solares-otro-carcinogeno-encontrado-2\/\"><img decoding=\"async\" width=\"1200\" height=\"630\" src=\"https:\/\/thelidjifirm.com\/wp-content\/uploads\/brachial_plexus-the_lidji_firm-birth_injury_lawyer.jpg\" class=\"attachment-full size-full wp-image-11171\" alt=\"Abogado de Lesiones de Nacimiento del Plexo Braquial | The Lidji Firm\" title=\"\" srcset=\"https:\/\/thelidjifirm.com\/wp-content\/uploads\/brachial_plexus-the_lidji_firm-birth_injury_lawyer.jpg 1200w, https:\/\/thelidjifirm.com\/wp-content\/uploads\/brachial_plexus-the_lidji_firm-birth_injury_lawyer-150x79.jpg 150w\" sizes=\"(max-width: 1200px) 100vw, 1200px\" \/> <span class=\"raven-post-image-overlay\"><\/span><\/a>\t\t<\/div>\n\t\t\t\t\t\t<div class=\"raven-post-content\">\n\t\t\t\t\t<h4 class=\"raven-post-title\"><a class=\"raven-post-title-link\" href=\"https:\/\/thelidjifirm.com\/es\/protectores-solares-otro-carcinogeno-encontrado-2\/\">Lesi\u00f3n de nacimiento del plexo braquial<\/a><\/h4>\t\t<div class=\"raven-post-meta\"><span class=\"raven-post-meta-item raven-post-categories\"><a href=\"https:\/\/thelidjifirm.com\/es\/category\/lesiones-congenitos\/\" rel=\"tag\">Lesiones cong\u00e9nitos<\/a><\/span><\/div>\n\t\t<div class=\"raven-post-excerpt\">\u00bfQu\u00e9 es el plexo braquial? El plexo braquial es una compleja red de nervios entre el cuello y los hombros. Estos nervios controlan la funci\u00f3n muscular en el pecho, el<\/div>\t\t<div class=\"raven-post-read-more\">\n\t\t\t<a class=\"raven-post-button\" href=\"https:\/\/thelidjifirm.com\/es\/protectores-solares-otro-carcinogeno-encontrado-2\/\"><span class=\"raven-post-button-text\">Read <i class=\"fas fa-chevron-right\" style=\"margin-left: 5px\"><\/i><\/span><\/a>\n\t\t<\/div>\n\t\t\t\t\t\t<\/div>\n\t\t\t<\/div>\n\t\t<\/div>\n\t\t\t\t<div class=\"raven-grid-item raven-post-item post-10124 post type-post status-publish format-standard has-post-thumbnail hentry category-benceno-en-protector-solar\">\n\t\t\t<div class=\"raven-post\">\n\t\t\t\t\t\t<div class=\"raven-post-image-wrap\">\n\t\t\t<a class=\"raven-post-image raven-image-fit\" href=\"https:\/\/thelidjifirm.com\/es\/protectores-solares-otro-carcinogeno-encontrado\/\"><img loading=\"lazy\" decoding=\"async\" width=\"1200\" height=\"630\" src=\"https:\/\/thelidjifirm.com\/wp-content\/uploads\/sunscreen-carcinogen-blog-the-lidji-firm.jpg\" class=\"attachment-full size-full wp-image-10119\" alt=\"Carcin\u00f3geno en el protector solar | The Lidji Firm\" title=\"\" srcset=\"https:\/\/thelidjifirm.com\/wp-content\/uploads\/sunscreen-carcinogen-blog-the-lidji-firm.jpg 1200w, https:\/\/thelidjifirm.com\/wp-content\/uploads\/sunscreen-carcinogen-blog-the-lidji-firm-150x79.jpg 150w\" sizes=\"(max-width: 1200px) 100vw, 1200px\" \/> <span class=\"raven-post-image-overlay\"><\/span><\/a>\t\t<\/div>\n\t\t\t\t\t\t<div class=\"raven-post-content\">\n\t\t\t\t\t<h4 class=\"raven-post-title\"><a class=\"raven-post-title-link\" href=\"https:\/\/thelidjifirm.com\/es\/protectores-solares-otro-carcinogeno-encontrado\/\">Carcin\u00f3geno potencial encontrado en los protectores solares<\/a><\/h4>\t\t<div class=\"raven-post-meta\"><span class=\"raven-post-meta-item raven-post-categories\"><a href=\"https:\/\/thelidjifirm.com\/es\/category\/mala-pastilla\/benceno-en-protector-solar\/\" rel=\"tag\">Benceno en protector solar<\/a><\/span><\/div>\n\t\t<div class=\"raven-post-excerpt\">Investigadores piden a la FDA que elimine m\u00e1s protectores solares Los investigadores est\u00e1n pidiendo a la Administraci\u00f3n de Alimentos y Medicamentos (FDA) que retire ciertos protectores solares del mercado despu\u00e9s<\/div>\t\t<div class=\"raven-post-read-more\">\n\t\t\t<a class=\"raven-post-button\" href=\"https:\/\/thelidjifirm.com\/es\/protectores-solares-otro-carcinogeno-encontrado\/\"><span class=\"raven-post-button-text\">Read <i class=\"fas fa-chevron-right\" style=\"margin-left: 5px\"><\/i><\/span><\/a>\n\t\t<\/div>\n\t\t\t\t\t\t<\/div>\n\t\t\t<\/div>\n\t\t<\/div>\n\t\t\t\t<\/div>\n\t\t\t\t<div class=\"raven-load-more\" data-settings=\"{&quot;maxNumPages&quot;:7}\">\n\t\t\t<a class=\"raven-load-more-button\" href=\"#\"><span class=\"raven-post-button-text\">Load More<\/span><\/a>\n\t\t<\/div>\n\t\t\t\t\t\t<\/div>\n\t\t\t\t<\/div>\n\t\t\t\t\t<\/div>\n\t\t<\/div>\n\t\t\t\t\t<\/div>\n\t\t<\/section>\n\t\t\t\t<\/div>\n\t\t","protected":false},"excerpt":{"rendered":"<p>LA LIDJI FIRMABlogs y art\u00edculos Neonatal Hypoxic Ischemic Encephalopathy (HIE) Birth Injuries Overview Hypoxic Ischemic Encephalopathy (HIE) is a type of brain dysfunction that occurs when the brain doesn&#8217;t receive enough oxygen or blood flow for a period of time. Hypoxic means Read Brachial Plexus Birth Injury Birth Injuries What is the brachial plexus? The [&hellip;]<\/p>\n","protected":false},"author":8,"featured_media":0,"parent":0,"menu_order":111,"comment_status":"closed","ping_status":"closed","template":"elementor_header_footer","meta":{"_acf_changed":false,"footnotes":""},"class_list":["post-5037","page","type-page","status-publish","hentry"],"acf":[],"_links":{"self":[{"href":"https:\/\/thelidjifirm.com\/es\/wp-json\/wp\/v2\/pages\/5037","targetHints":{"allow":["GET"]}}],"collection":[{"href":"https:\/\/thelidjifirm.com\/es\/wp-json\/wp\/v2\/pages"}],"about":[{"href":"https:\/\/thelidjifirm.com\/es\/wp-json\/wp\/v2\/types\/page"}],"author":[{"embeddable":true,"href":"https:\/\/thelidjifirm.com\/es\/wp-json\/wp\/v2\/users\/8"}],"replies":[{"embeddable":true,"href":"https:\/\/thelidjifirm.com\/es\/wp-json\/wp\/v2\/comments?post=5037"}],"version-history":[{"count":10,"href":"https:\/\/thelidjifirm.com\/es\/wp-json\/wp\/v2\/pages\/5037\/revisions"}],"predecessor-version":[{"id":13068,"href":"https:\/\/thelidjifirm.com\/es\/wp-json\/wp\/v2\/pages\/5037\/revisions\/13068"}],"wp:attachment":[{"href":"https:\/\/thelidjifirm.com\/es\/wp-json\/wp\/v2\/media?parent=5037"}],"curies":[{"name":"wp","href":"https:\/\/api.w.org\/{rel}","templated":true}]}}