{"id":5032,"date":"2015-01-27T02:14:46","date_gmt":"2015-01-27T08:14:46","guid":{"rendered":"https:\/\/lidji.mach1design.com\/contacto\/"},"modified":"2024-05-31T09:03:26","modified_gmt":"2024-05-31T14:03:26","slug":"contacto","status":"publish","type":"page","link":"https:\/\/thelidjifirm.com\/es\/contacto\/","title":{"rendered":"Contacto"},"content":{"rendered":"\t\t<div data-elementor-type=\"wp-page\" data-elementor-id=\"5032\" class=\"elementor elementor-5032 elementor-31\" data-elementor-post-type=\"page\">\n\t\t\t\t\t\t<section class=\"elementor-section elementor-top-section elementor-element elementor-element-bdbd5bf elementor-section-stretched elementor-section-height-min-height elementor-section-boxed elementor-section-height-default elementor-section-items-middle\" data-id=\"bdbd5bf\" data-element_type=\"section\" data-settings=\"{&quot;stretch_section&quot;:&quot;section-stretched&quot;,&quot;background_background&quot;:&quot;classic&quot;}\">\n\t\t\t\t\t\t\t<div class=\"elementor-background-overlay\"><\/div>\n\t\t\t\t\t\t\t<div class=\"elementor-container elementor-column-gap-default\">\n\t\t\t\t\t<div class=\"elementor-column elementor-col-100 elementor-top-column elementor-element elementor-element-4469e9f\" data-id=\"4469e9f\" data-element_type=\"column\">\n\t\t\t<div class=\"elementor-widget-wrap elementor-element-populated\">\n\t\t\t\t\t\t<div class=\"elementor-element elementor-element-72fe191 elementor-mobile-align-center elementor-align-center elementor-widget elementor-widget-raven-heading\" data-id=\"72fe191\" data-element_type=\"widget\" data-widget_type=\"raven-heading.default\">\n\t\t\t\t<div class=\"elementor-widget-container\">\n\t\t\t\t\t\t\t<div class=\"raven-widget-wrapper\"><h1 class=\"raven-heading raven-heading-h1\"><span class=\"raven-heading-title \">LA LIDJI FIRMA<div class=\"size2 wbt\">Contacto<\/div><\/span><\/h1><\/div>\n\t\t\t\t\t\t<\/div>\n\t\t\t\t<\/div>\n\t\t\t\t\t<\/div>\n\t\t<\/div>\n\t\t\t\t\t<\/div>\n\t\t<\/section>\n\t\t\t\t<section class=\"elementor-section elementor-top-section elementor-element elementor-element-84b1560 elementor-section-stretched elementor-section-boxed elementor-section-height-default elementor-section-height-default\" data-id=\"84b1560\" data-element_type=\"section\" data-settings=\"{&quot;stretch_section&quot;:&quot;section-stretched&quot;}\">\n\t\t\t\t\t\t<div class=\"elementor-container elementor-column-gap-default\">\n\t\t\t\t\t<div class=\"elementor-column elementor-col-50 elementor-top-column elementor-element elementor-element-a6e75e7\" data-id=\"a6e75e7\" data-element_type=\"column\">\n\t\t\t<div class=\"elementor-widget-wrap elementor-element-populated\">\n\t\t\t\t\t\t<div class=\"elementor-element elementor-element-9ae770d elementor-widget elementor-widget-google_maps\" data-id=\"9ae770d\" data-element_type=\"widget\" data-widget_type=\"google_maps.default\">\n\t\t\t\t<div class=\"elementor-widget-container\">\n\t\t\t\t\t\t\t<div class=\"elementor-custom-embed\">\n\t\t\t<iframe loading=\"lazy\"\n\t\t\t\t\tsrc=\"https:\/\/www.google.com\/maps\/embed\/v1\/place?key=AIzaSyDZm1OCjxXgvtgaXv8ZTbHTOARkljE4Rs0&#038;q=The%20Lidji%20Firm%20Meadow%20Park%20Tower&#038;zoom=10\"\n\t\t\t\t\ttitle=\"The Lidji Firm Meadow Park Tower\"\n\t\t\t\t\taria-label=\"The Lidji Firm Meadow Park Tower\"\n\t\t\t><\/iframe>\n\t\t<\/div>\n\t\t\t\t\t\t<\/div>\n\t\t\t\t<\/div>\n\t\t\t\t<div class=\"elementor-element elementor-element-2554de7 elementor-widget elementor-widget-text-editor\" data-id=\"2554de7\" data-element_type=\"widget\" data-widget_type=\"text-editor.default\">\n\t\t\t\t<div class=\"elementor-widget-container\">\n\t\t\t\t\t\t\t\t\t<h2 style=\"font-size: 24px;\"><span style=\"color: #006eb9;\">OFICINA DALLAS<\/span><\/h2>\n<p><span style=\"font-weight: 600;\">Meadow Park Tower<\/span><br \/>10440 N. Central Expressway, Suite 1240<br \/>Dallas, Texas 75231<br \/>Tel\u00e9fono: <b> <a href=\"tel:(800)%20223-7455\">(800) 223-7455<\/a><\/p>\n<p><\/b><br \/>Tel\u00e9fono: <b> <a href=\"tel:(972)%20223-7455\">(972) 223-7455<\/a><\/p>\n<p><\/b><b><\/b><\/p>\n\t\t\t\t\t\t\t\t<\/div>\n\t\t\t\t<\/div>\n\t\t\t\t\t<\/div>\n\t\t<\/div>\n\t\t\t\t<div class=\"elementor-column elementor-col-50 elementor-top-column elementor-element elementor-element-32a9d8d\" data-id=\"32a9d8d\" data-element_type=\"column\">\n\t\t\t<div class=\"elementor-widget-wrap elementor-element-populated\">\n\t\t\t\t\t\t<div class=\"elementor-element elementor-element-c75f46b elementor-widget elementor-widget-google_maps\" data-id=\"c75f46b\" data-element_type=\"widget\" data-widget_type=\"google_maps.default\">\n\t\t\t\t<div class=\"elementor-widget-container\">\n\t\t\t\t\t\t\t<div class=\"elementor-custom-embed\">\n\t\t\t<iframe loading=\"lazy\"\n\t\t\t\t\tsrc=\"https:\/\/www.google.com\/maps\/embed\/v1\/place?key=AIzaSyDZm1OCjxXgvtgaXv8ZTbHTOARkljE4Rs0&#038;q=8100%20Washington%20Avenue%20Suite%201000%20Houston%2C%20Texas%2077007&#038;zoom=11\"\n\t\t\t\t\ttitle=\"8100 Washington Avenue Suite 1000 Houston, Texas 77007\"\n\t\t\t\t\taria-label=\"8100 Washington Avenue Suite 1000 Houston, Texas 77007\"\n\t\t\t><\/iframe>\n\t\t<\/div>\n\t\t\t\t\t\t<\/div>\n\t\t\t\t<\/div>\n\t\t\t\t<div class=\"elementor-element elementor-element-30fc119 elementor-widget elementor-widget-text-editor\" data-id=\"30fc119\" data-element_type=\"widget\" data-widget_type=\"text-editor.default\">\n\t\t\t\t<div class=\"elementor-widget-container\">\n\t\t\t\t\t\t\t\t\t<h2 style=\"font-size: 24px;\"><span style=\"color: #006eb9;\">OFICINA DE HOUSTON<\/span><\/h2>\n<p><span style=\"font-weight: 600;\">8100 Washington Avenue<\/span><br \/>Suite 1000<br \/>Houston, Texas 77007<br \/>Tel\u00e9fono: <strong> <a href=\"tel:(214)%20753-4786\">(214)-753-4786<\/a><\/p>\n<p><\/strong><\/p>\n<p style=\"font-size: 16px; line-height: 1.3em;\">* En Houston, los abogados est\u00e1n disponibles<br \/>para reuniones con cita previa.<\/p>\n\t\t\t\t\t\t\t\t<\/div>\n\t\t\t\t<\/div>\n\t\t\t\t\t<\/div>\n\t\t<\/div>\n\t\t\t\t\t<\/div>\n\t\t<\/section>\n\t\t\t\t<section class=\"elementor-section elementor-top-section elementor-element elementor-element-5d4bdd4 elementor-section-boxed elementor-section-height-default elementor-section-height-default\" data-id=\"5d4bdd4\" data-element_type=\"section\">\n\t\t\t\t\t\t<div class=\"elementor-container elementor-column-gap-default\">\n\t\t\t\t\t<div class=\"elementor-column elementor-col-25 elementor-top-column elementor-element elementor-element-672a6f8\" data-id=\"672a6f8\" data-element_type=\"column\">\n\t\t\t<div class=\"elementor-widget-wrap\">\n\t\t\t\t\t\t\t<\/div>\n\t\t<\/div>\n\t\t\t\t<div class=\"elementor-column elementor-col-50 elementor-top-column elementor-element elementor-element-afe7186 animated-fast elementor-invisible\" data-id=\"afe7186\" data-element_type=\"column\" data-settings=\"{&quot;background_background&quot;:&quot;classic&quot;,&quot;animation&quot;:&quot;fadeInUp&quot;}\">\n\t\t\t<div class=\"elementor-widget-wrap elementor-element-populated\">\n\t\t\t\t\t\t<div class=\"elementor-element elementor-element-94b8a7b elementor-widget elementor-widget-text-editor\" data-id=\"94b8a7b\" data-element_type=\"widget\" data-widget_type=\"text-editor.default\">\n\t\t\t\t<div class=\"elementor-widget-container\">\n\t\t\t\t\t\t\t\t\t<p>La firma Lidji tiene oficinas en Dallas y Houston. Debido a que estamos muy a menudo en un tribunal o trabajando con clientes, le recomendamos encarecidamente que programe una cita antes de pasar por nuestras oficinas. Gracias.<\/p>\n\t\t\t\t\t\t\t\t<\/div>\n\t\t\t\t<\/div>\n\t\t\t\t\t<\/div>\n\t\t<\/div>\n\t\t\t\t<div class=\"elementor-column elementor-col-25 elementor-top-column elementor-element elementor-element-27c2ea1\" data-id=\"27c2ea1\" data-element_type=\"column\">\n\t\t\t<div class=\"elementor-widget-wrap\">\n\t\t\t\t\t\t\t<\/div>\n\t\t<\/div>\n\t\t\t\t\t<\/div>\n\t\t<\/section>\n\t\t\t\t<section class=\"elementor-section elementor-top-section elementor-element elementor-element-5589c67 elementor-reverse-tablet elementor-reverse-mobile elementor-section-stretched elementor-section-boxed elementor-section-height-default elementor-section-height-default\" data-id=\"5589c67\" data-element_type=\"section\" data-settings=\"{&quot;background_background&quot;:&quot;classic&quot;,&quot;stretch_section&quot;:&quot;section-stretched&quot;}\">\n\t\t\t\t\t\t\t<div class=\"elementor-background-overlay\"><\/div>\n\t\t\t\t\t\t\t<div class=\"elementor-container elementor-column-gap-default\">\n\t\t\t\t\t<div class=\"elementor-column elementor-col-50 elementor-top-column elementor-element elementor-element-385f38f\" data-id=\"385f38f\" data-element_type=\"column\" id=\"fce-text\" data-settings=\"{&quot;background_background&quot;:&quot;classic&quot;}\">\n\t\t\t<div class=\"elementor-widget-wrap elementor-element-populated\">\n\t\t\t\t\t\t<div class=\"elementor-element elementor-element-4a70044 elementor-align-left elementor-widget elementor-widget-raven-heading\" data-id=\"4a70044\" data-element_type=\"widget\" data-widget_type=\"raven-heading.default\">\n\t\t\t\t<div class=\"elementor-widget-container\">\n\t\t\t\t\t\t\t<div class=\"raven-widget-wrapper\"><h2 class=\"raven-heading raven-heading-h2\"><span class=\"raven-heading-title \">\u00bfCu\u00e1nto vale tu caso?<\/span><\/h2><\/div>\n\t\t\t\t\t\t<\/div>\n\t\t\t\t<\/div>\n\t\t\t\t<div class=\"elementor-element elementor-element-20c02ca elementor-align-left elementor-widget elementor-widget-raven-heading\" data-id=\"20c02ca\" data-element_type=\"widget\" data-widget_type=\"raven-heading.default\">\n\t\t\t\t<div class=\"elementor-widget-container\">\n\t\t\t\t\t\t\t<div class=\"raven-widget-wrapper\"><h3 class=\"raven-heading raven-heading-h3\"><span class=\"raven-heading-title \">Env\u00ede para una evaluaci\u00f3n de caso gratuita<\/span><\/h3><\/div>\n\t\t\t\t\t\t<\/div>\n\t\t\t\t<\/div>\n\t\t\t\t<div class=\"elementor-element elementor-element-b60853b elementor-widget elementor-widget-text-editor\" data-id=\"b60853b\" data-element_type=\"widget\" data-widget_type=\"text-editor.default\">\n\t\t\t\t<div class=\"elementor-widget-container\">\n\t\t\t\t\t\t\t\t\t<p>Nuestro bufete est\u00e1 disponible para responder sus preguntas y abordar sus inquietudes, y estamos preparados para brindarle a su caso el asesoramiento y la defensa necesaria para luchar por la justicia en su nombre.<\/p>\n\t\t\t\t\t\t\t\t<\/div>\n\t\t\t\t<\/div>\n\t\t\t\t\t<\/div>\n\t\t<\/div>\n\t\t\t\t<div class=\"elementor-column elementor-col-50 elementor-top-column elementor-element elementor-element-ada78c7\" data-id=\"ada78c7\" data-element_type=\"column\">\n\t\t\t<div class=\"elementor-widget-wrap elementor-element-populated\">\n\t\t\t\t\t\t<div class=\"elementor-element elementor-element-b0ad595 elementor-hidden-desktop elementor-widget elementor-widget-image\" data-id=\"b0ad595\" data-element_type=\"widget\" data-widget_type=\"image.default\">\n\t\t\t\t<div class=\"elementor-widget-container\">\n\t\t\t\t\t\t\t\t\t\t\t\t\t\t\t<img fetchpriority=\"high\" decoding=\"async\" width=\"528\" height=\"439\" src=\"https:\/\/thelidjifirm.com\/wp-content\/uploads\/Lidji-Attorney-The-LIDJI-Law-Firm-Personal-Injury-Attorney-Dallas-Houston-Texas.jpg\" class=\"attachment-full size-full wp-image-13931\" alt=\"Lidji | Attorney | The LIDJI Law Firm | Personal Injury Attorney | Dallas Houston Texas\" srcset=\"https:\/\/thelidjifirm.com\/wp-content\/uploads\/Lidji-Attorney-The-LIDJI-Law-Firm-Personal-Injury-Attorney-Dallas-Houston-Texas.jpg 528w, https:\/\/thelidjifirm.com\/wp-content\/uploads\/Lidji-Attorney-The-LIDJI-Law-Firm-Personal-Injury-Attorney-Dallas-Houston-Texas-150x125.jpg 150w\" sizes=\"(max-width: 528px) 100vw, 528px\" title=\"\">\t\t\t\t\t\t\t\t\t\t\t\t\t\t\t<\/div>\n\t\t\t\t<\/div>\n\t\t\t\t\t<\/div>\n\t\t<\/div>\n\t\t\t\t\t<\/div>\n\t\t<\/section>\n\t\t\t\t<section class=\"elementor-section elementor-top-section elementor-element elementor-element-95752df elementor-section-stretched elementor-section-boxed elementor-section-height-default elementor-section-height-default\" data-id=\"95752df\" data-element_type=\"section\" data-settings=\"{&quot;background_background&quot;:&quot;classic&quot;,&quot;stretch_section&quot;:&quot;section-stretched&quot;}\">\n\t\t\t\t\t\t<div class=\"elementor-container elementor-column-gap-default\">\n\t\t\t\t\t<div class=\"elementor-column elementor-col-16 elementor-top-column elementor-element elementor-element-323c24f\" data-id=\"323c24f\" data-element_type=\"column\">\n\t\t\t<div class=\"elementor-widget-wrap\">\n\t\t\t\t\t\t\t<\/div>\n\t\t<\/div>\n\t\t\t\t<div class=\"elementor-column elementor-col-16 elementor-top-column elementor-element elementor-element-b1971a2\" data-id=\"b1971a2\" data-element_type=\"column\">\n\t\t\t<div class=\"elementor-widget-wrap elementor-element-populated\">\n\t\t\t\t\t\t<div class=\"elementor-element elementor-element-f47beac elementor-widget elementor-widget-shortcode\" data-id=\"f47beac\" data-element_type=\"widget\" data-widget_type=\"shortcode.default\">\n\t\t\t\t<div class=\"elementor-widget-container\">\n\t\t\t\t\t\t\t<div class=\"elementor-shortcode\"><div class=\"wpforms-container wpforms-container-full\" id=\"wpforms-5309\"><form id=\"wpforms-form-5309\" class=\"wpforms-validate wpforms-form wpforms-ajax-form\" data-formid=\"5309\" method=\"post\" enctype=\"multipart\/form-data\" action=\"\/es\/wp-json\/wp\/v2\/pages\/5032\" data-token=\"13c6f17d6a9d0edec102915174c0255b\"><noscript class=\"wpforms-error-noscript\">Por favor, activa JavaScript en tu navegador para completar este formulario.<\/noscript><div class=\"wpforms-field-container\"><div id=\"wpforms-5309-field_0-container\" class=\"wpforms-field wpforms-field-name wpf_fce fce_name\" data-field-id=\"0\"><label class=\"wpforms-field-label wpforms-label-hide\" for=\"wpforms-5309-field_0\">Nombre completo <span class=\"wpforms-required-label\">*<\/span><\/label><input type=\"text\" id=\"wpforms-5309-field_0\" class=\"wpforms-field-medium wpforms-field-required\" name=\"wpforms[fields][0]\" placeholder=\"Nombre completo\" required><\/div><div id=\"wpforms-5309-field_5-container\" class=\"wpforms-field wpforms-field-phone wpforms-one-half wpforms-first wpf_fce fce_phone\" data-field-id=\"5\"><label class=\"wpforms-field-label wpforms-label-hide\" for=\"wpforms-5309-field_5\">Tel\u00e9fono <span class=\"wpforms-required-label\">*<\/span><\/label><input type=\"tel\" id=\"wpforms-5309-field_5\" class=\"wpforms-field-large wpforms-field-required wpforms-masked-input\" data-inputmask=\"&#039;mask&#039;: &#039;(999) 999-9999&#039;\" data-rule-us-phone-field=\"true\" data-inputmask-inputmode=\"tel\" name=\"wpforms[fields][5]\" placeholder=\"Tel\u00e9fono\" required><\/div><div id=\"wpforms-5309-field_1-container\" class=\"wpforms-field wpforms-field-email wpf_fce fce_email wpforms-one-half\" data-field-id=\"1\"><label class=\"wpforms-field-label wpforms-label-hide\" for=\"wpforms-5309-field_1\">Correo Electr\u00f3nico <span class=\"wpforms-required-label\">*<\/span><\/label><input type=\"email\" id=\"wpforms-5309-field_1\" class=\"wpforms-field-large wpforms-field-required\" data-rule-restricted-email=\"1\" name=\"wpforms[fields][1]\" placeholder=\"Correo Electr\u00f3nico\" spellcheck=\"false\" required><\/div><div id=\"wpforms-5309-field_4-container\" class=\"wpforms-field wpforms-field-select wpf_fce fce_casetype wpforms-field-select-style-modern\" data-field-id=\"4\"><label class=\"wpforms-field-label wpforms-label-hide\" for=\"wpforms-5309-field_4\">Tipo de caso<\/label><select id=\"wpforms-5309-field_4\" class=\"wpforms-field-medium choicesjs-select\" data-size-class=\"wpforms-field-row wpforms-field-medium\" data-search-enabled=\"1\" name=\"wpforms[fields][4][]\" multiple=\"multiple\"><option value=\"\" class=\"placeholder\" disabled >Tipo de caso (opcional)<\/option><option value=\"Agravio masivo - BadPill\" >Agravio masivo - BadPill<\/option><option value=\"Demanda de Camp Lejeune\" >Demanda de Camp Lejeune<\/option><option value=\"Defecto de nacimiento infantil \u2013 Lesi\u00f3n de nacimiento\" >Defecto de nacimiento infantil \u2013 Lesi\u00f3n de nacimiento<\/option><option value=\"Demanda de Johnson &amp; Johnson Powder\" >Demanda de Johnson &amp; Johnson Powder<\/option><option value=\"Demanda de Roundup\" >Demanda de Roundup<\/option><option value=\"Demanda de CPAP de Phillips\" >Demanda de CPAP de Phillips<\/option><option value=\"Demanda de Paraquat\" >Demanda de Paraquat<\/option><option value=\"C\u00e1ncer de Zantac\" >C\u00e1ncer de Zantac<\/option><option value=\"Demandas de Januvia\" >Demandas de Januvia<\/option><option value=\"Demanda por problemas card\u00edacos de Zofran\" >Demanda por problemas card\u00edacos de Zofran<\/option><option value=\"Mala praxis m\u00e9dica\" >Mala praxis m\u00e9dica<\/option><option value=\"Demanda de filtro IVC\" >Demanda de filtro IVC<\/option><option value=\"Lesiones personales\" >Lesiones personales<\/option><option value=\"Accidente de cami\u00f3n\" >Accidente de cami\u00f3n<\/option><option value=\"Accidente de auto\" >Accidente de auto<\/option><option value=\"Accidente de motocicleta\" >Accidente de motocicleta<\/option><option value=\"Accidentes por conducir ebrio\" >Accidentes por conducir ebrio<\/option><option value=\"Responsabilidad de la tienda de dram\" >Responsabilidad de la tienda de dram<\/option><option value=\"Accidentes de construcci\u00f3n\" >Accidentes de construcci\u00f3n<\/option><option value=\"Responsabilidad de los locales\" >Responsabilidad de los locales<\/option><option value=\"Responsabilidad del producto\" >Responsabilidad del producto<\/option><option value=\"Muerte injusta\" >Muerte injusta<\/option><\/select><\/div><div id=\"wpforms-5309-field_2-container\" class=\"wpforms-field wpforms-field-textarea wpf_fce fce_casedetail\" data-field-id=\"2\"><label class=\"wpforms-field-label wpforms-label-hide\" for=\"wpforms-5309-field_2\">Detalle del caso <span class=\"wpforms-required-label\">*<\/span><\/label><textarea id=\"wpforms-5309-field_2\" class=\"wpforms-field-medium wpforms-field-required\" name=\"wpforms[fields][2]\" placeholder=\"Por favor describe tu caso\" required><\/textarea><\/div><div id=\"wpforms-5309-field_8-container\" class=\"wpforms-field wpforms-field-date-time wpf_fce wpforms-one-half wpforms-first\" data-field-id=\"8\"><label class=\"wpforms-field-label\" for=\"wpforms-5309-field_8\">Fecha del accidente <span class=\"wpforms-required-label\">*<\/span><\/label><div class=\"wpforms-datepicker-wrap\"><input type=\"text\" id=\"wpforms-5309-field_8\" class=\"wpforms-field-date-time-date wpforms-datepicker wpforms-field-required wpforms-field-medium\" data-date-format=\"F j, Y\" data-disable-past-dates=\"0\" data-input=\"true\" name=\"wpforms[fields][8][date]\" placeholder=\"Por favor seleccione\" required><a title=\"Borrar fecha\" data-clear class=\"wpforms-datepicker-clear\" style=\"display:none;\"><\/a><\/div><\/div><div id=\"wpforms-5309-field_9-container\" class=\"wpforms-field wpforms-field-radio wpforms-one-half wpf_fce wpforms-list-2-columns\" data-field-id=\"9\"><label class=\"wpforms-field-label\" for=\"wpforms-5309-field_9\">\u00bfYa tienes abogado? <span class=\"wpforms-required-label\">*<\/span><\/label><ul id=\"wpforms-5309-field_9\" class=\"wpforms-field-required\"><li class=\"choice-1 depth-1\"><input type=\"radio\" id=\"wpforms-5309-field_9_1\" name=\"wpforms[fields][9]\" value=\"S\u00ed\" required ><label class=\"wpforms-field-label-inline\" for=\"wpforms-5309-field_9_1\">S\u00ed<\/label><\/li><li class=\"choice-2 depth-1\"><input type=\"radio\" id=\"wpforms-5309-field_9_2\" name=\"wpforms[fields][9]\" value=\"No\" required ><label class=\"wpforms-field-label-inline\" for=\"wpforms-5309-field_9_2\">No<\/label><\/li><\/ul><\/div><\/div><!-- .wpforms-field-container --><input type=\"hidden\" name=\"wpforms[recaptcha]\" value=\"\"><div class=\"wpforms-submit-container\" ><input type=\"hidden\" name=\"wpforms[id]\" value=\"5309\"><input type=\"hidden\" name=\"wpforms[author]\" value=\"8\"><button type=\"submit\" name=\"wpforms[submit]\" id=\"wpforms-submit-5309\" class=\"wpforms-submit\" data-alt-text=\"Enviar...\" data-submit-text=\"Enviar\" aria-live=\"assertive\" value=\"wpforms-submit\">Enviar<\/button><img decoding=\"async\" src=\"https:\/\/thelidjifirm.com\/wp-content\/plugins\/wpforms\/assets\/images\/submit-spin.svg\" class=\"wpforms-submit-spinner\" style=\"display: none;\" width=\"26\" height=\"26\" alt=\"Cargando\" title=\"\"><\/div><\/form><\/div>  <!-- .wpforms-container --><\/div>\n\t\t\t\t\t\t<\/div>\n\t\t\t\t<\/div>\n\t\t\t\t\t<\/div>\n\t\t<\/div>\n\t\t\t\t<div class=\"elementor-column elementor-col-66 elementor-top-column elementor-element elementor-element-39575a5\" data-id=\"39575a5\" data-element_type=\"column\">\n\t\t\t<div class=\"elementor-widget-wrap\">\n\t\t\t\t\t\t\t<\/div>\n\t\t<\/div>\n\t\t\t\t\t<\/div>\n\t\t<\/section>\n\t\t\t\t<\/div>\n\t\t","protected":false},"excerpt":{"rendered":"<p>LA LIDJI FIRMAContacto OFICINA DALLAS Meadow Park Tower10440 N. Central Expressway, Suite 1240Dallas, Texas 75231Tel\u00e9fono: (800) 223-7455 Tel\u00e9fono: (972) 223-7455 OFICINA DE HOUSTON 8100 Washington AvenueSuite 1000Houston, Texas 77007Tel\u00e9fono: (214)-753-4786 * En Houston, los abogados est\u00e1n disponiblespara reuniones con cita previa. La firma Lidji tiene oficinas en Dallas y Houston. Debido a que estamos muy [&hellip;]<\/p>\n","protected":false},"author":8,"featured_media":0,"parent":0,"menu_order":112,"comment_status":"closed","ping_status":"closed","template":"elementor_header_footer","meta":{"_acf_changed":false,"footnotes":""},"class_list":["post-5032","page","type-page","status-publish","hentry"],"acf":[],"_links":{"self":[{"href":"https:\/\/thelidjifirm.com\/es\/wp-json\/wp\/v2\/pages\/5032","targetHints":{"allow":["GET"]}}],"collection":[{"href":"https:\/\/thelidjifirm.com\/es\/wp-json\/wp\/v2\/pages"}],"about":[{"href":"https:\/\/thelidjifirm.com\/es\/wp-json\/wp\/v2\/types\/page"}],"author":[{"embeddable":true,"href":"https:\/\/thelidjifirm.com\/es\/wp-json\/wp\/v2\/users\/8"}],"replies":[{"embeddable":true,"href":"https:\/\/thelidjifirm.com\/es\/wp-json\/wp\/v2\/comments?post=5032"}],"version-history":[{"count":10,"href":"https:\/\/thelidjifirm.com\/es\/wp-json\/wp\/v2\/pages\/5032\/revisions"}],"predecessor-version":[{"id":13964,"href":"https:\/\/thelidjifirm.com\/es\/wp-json\/wp\/v2\/pages\/5032\/revisions\/13964"}],"wp:attachment":[{"href":"https:\/\/thelidjifirm.com\/es\/wp-json\/wp\/v2\/media?parent=5032"}],"curies":[{"name":"wp","href":"https:\/\/api.w.org\/{rel}","templated":true}]}}